{"id":210,"date":"2020-03-21T20:07:24","date_gmt":"2020-03-21T20:07:24","guid":{"rendered":"http:\/\/obssc.info\/?page_id=210"},"modified":"2020-05-03T14:44:20","modified_gmt":"2020-05-03T14:44:20","slug":"20-jahre-obssc","status":"publish","type":"page","link":"https:\/\/obssc.de\/?page_id=210","title":{"rendered":"20 Jahre OBSSC"},"content":{"rendered":"\n<p class=\"has-large-font-size\"><strong>20 Jahre Ostth\u00fcringer Brauerei Souvenir Sammler Club Gera<\/strong><\/p>\n\n\n\n<p class=\"has-medium-font-size\"><em>Feier im historischen Dreiseitenhof<\/em><\/p>\n\n\n\n<p>Anl\u00e4sslich seines 20j\u00e4hrigen Bestehens feierten die Mitglieder des Ostth\u00fcringerBrauereiSouvenirSammlerClub Gera am 14. September 2019 gemeinsam mit geladenen G\u00e4sten im historischen Dreiseitenhof der K\u00f6stritzer Schwarzbierbrauerei. Das Angebot f\u00fcr die passende Lokalit\u00e4t kam vom Brauerei-Gesch\u00e4ftsf\u00fcher Uwe Helmsdorf und wir mussten nicht lange \u00fcberlegen und nahmen dankend an.<\/p>\n\n\n\n<figure class=\"wp-block-image size-large\"><img loading=\"lazy\" decoding=\"async\" width=\"1024\" height=\"599\" src=\"https:\/\/obssc.de\/wp-content\/uploads\/2020\/05\/IMG_1649x20J-1024x599.jpg\" alt=\"\" class=\"wp-image-377\" srcset=\"https:\/\/obssc.de\/wp-content\/uploads\/2020\/05\/IMG_1649x20J-1024x599.jpg 1024w, https:\/\/obssc.de\/wp-content\/uploads\/2020\/05\/IMG_1649x20J-300x175.jpg 300w, https:\/\/obssc.de\/wp-content\/uploads\/2020\/05\/IMG_1649x20J-768x449.jpg 768w, https:\/\/obssc.de\/wp-content\/uploads\/2020\/05\/IMG_1649x20J-1536x898.jpg 1536w, https:\/\/obssc.de\/wp-content\/uploads\/2020\/05\/IMG_1649x20J-2048x1197.jpg 2048w\" sizes=\"auto, (max-width: 767px) 89vw, (max-width: 1000px) 54vw, (max-width: 1071px) 543px, 580px\" \/><figcaption>Das Gruppenbild geh\u00f6rt zu so einer Veranstaltung nat\u00fcrlich dazu<\/figcaption><\/figure>\n\n\n\n<p>Zu den geladenen G\u00e4sten geh\u00f6rten neben Uwe Helmsdorf auch sein Vorg\u00e4nger Albrecht Pitschel, sowie Vertreter unserer befreundeten Sammlerclubs in Dresden und Zwickau. Aus Leipzig konnte unserer Einladung aus beruflichen wie gesundheitlichen Gr\u00fcnden leider niemand Folge leisten.<\/p>\n\n\n\n<figure class=\"wp-block-image size-large\"><img loading=\"lazy\" decoding=\"async\" width=\"1024\" height=\"688\" src=\"https:\/\/obssc.de\/wp-content\/uploads\/2020\/05\/IMG_2602x20J-1024x688.jpg\" alt=\"\" class=\"wp-image-378\" srcset=\"https:\/\/obssc.de\/wp-content\/uploads\/2020\/05\/IMG_2602x20J-1024x688.jpg 1024w, https:\/\/obssc.de\/wp-content\/uploads\/2020\/05\/IMG_2602x20J-300x201.jpg 300w, https:\/\/obssc.de\/wp-content\/uploads\/2020\/05\/IMG_2602x20J-768x516.jpg 768w, https:\/\/obssc.de\/wp-content\/uploads\/2020\/05\/IMG_2602x20J-1536x1032.jpg 1536w, https:\/\/obssc.de\/wp-content\/uploads\/2020\/05\/IMG_2602x20J-2048x1375.jpg 2048w\" sizes=\"auto, (max-width: 767px) 89vw, (max-width: 1000px) 54vw, (max-width: 1071px) 543px, 580px\" \/><figcaption>Christian (l.) und Marko (m.) von der Microbrauerei MAAC \u00fcberreichen Mario Coppi ein Pr\u00e4sent zum Jubil\u00e4um<\/figcaption><\/figure>\n\n\n\n<p>Bevor der offizielle Start der Veranstaltung um 10 Uhr anstand, besuchte Mario Coppi mit einer kleinen Delegation die zweitgr\u00f6\u00dfte Brauerei in Bad K\u00f6stritz &#8211; die Microbrauerei &#8222;MAAC-Biere&#8220;. Denn auch die befreundeten Microbrauer hatten wir eingeladen, jedoch konnten sie aufgrund des eigenen Brautages leider nicht zusagen. Als Pr\u00e4sent bekamen wir ein Paket mit Bier, Gl\u00e4sern und Etiketten &#8211; Danke daf\u00fcr. Auch die Einladung auf ein &#8222;schnelles Bier&#8220; wollten wir nat\u00fcrlich nicht ausschlagen.<\/p>\n\n\n\n<figure class=\"wp-block-image size-large\"><img loading=\"lazy\" decoding=\"async\" width=\"1024\" height=\"725\" src=\"https:\/\/obssc.de\/wp-content\/uploads\/2020\/05\/IMG_2605x20J-1024x725.jpg\" alt=\"\" class=\"wp-image-379\" srcset=\"https:\/\/obssc.de\/wp-content\/uploads\/2020\/05\/IMG_2605x20J-1024x725.jpg 1024w, https:\/\/obssc.de\/wp-content\/uploads\/2020\/05\/IMG_2605x20J-300x212.jpg 300w, https:\/\/obssc.de\/wp-content\/uploads\/2020\/05\/IMG_2605x20J-768x544.jpg 768w, https:\/\/obssc.de\/wp-content\/uploads\/2020\/05\/IMG_2605x20J-1536x1088.jpg 1536w, https:\/\/obssc.de\/wp-content\/uploads\/2020\/05\/IMG_2605x20J-2048x1450.jpg 2048w\" sizes=\"auto, (max-width: 767px) 89vw, (max-width: 1000px) 54vw, (max-width: 1071px) 543px, 580px\" \/><figcaption>Vorg\u00e4nger unter sich &#8211; der ehemalige K\u00f6stritzer-Gesch\u00e4ftsf\u00fchrer Albrecht Pitschel (l.) im Gespr\u00e4ch mit dem ehemaligen OBSSC-Chef Bernd Coppi<\/figcaption><\/figure>\n\n\n\n<p>Im Dreiseitenhof f\u00fcllten sich nun langsam die St\u00fchle, das Freibier stand bereit und wir konnten mit unserer Veranstaltung beginnen. Zun\u00e4chst richtete Mario Coppi in einer kleinen Rede ein paar Worte an die G\u00e4ste und gab einen \u00dcberblick \u00fcber den Ablauf der Veranstaltung.<\/p>\n\n\n\n<figure class=\"wp-block-image size-large\"><img loading=\"lazy\" decoding=\"async\" width=\"1024\" height=\"507\" src=\"https:\/\/obssc.de\/wp-content\/uploads\/2020\/05\/JEVQ6140x20J-1024x507.jpg\" alt=\"\" class=\"wp-image-382\" srcset=\"https:\/\/obssc.de\/wp-content\/uploads\/2020\/05\/JEVQ6140x20J-1024x507.jpg 1024w, https:\/\/obssc.de\/wp-content\/uploads\/2020\/05\/JEVQ6140x20J-300x148.jpg 300w, https:\/\/obssc.de\/wp-content\/uploads\/2020\/05\/JEVQ6140x20J-768x380.jpg 768w, https:\/\/obssc.de\/wp-content\/uploads\/2020\/05\/JEVQ6140x20J-1536x760.jpg 1536w, https:\/\/obssc.de\/wp-content\/uploads\/2020\/05\/JEVQ6140x20J.jpg 1598w\" sizes=\"auto, (max-width: 767px) 89vw, (max-width: 1000px) 54vw, (max-width: 1071px) 543px, 580px\" \/><figcaption>Mario Coppi w\u00e4hrend seiner Ansprache<\/figcaption><\/figure>\n\n\n\n<p>Weiter ging es im Anschluss mit drei sehr interessanten Vortr\u00e4gen. Den Anfang machte Uwe Helmsdorf zum Thema &#8222;475 + x Jahre K\u00f6stritzer&#8220;. Er gab dabei einen Einblick in die Geschichte und Gegenwart der K\u00f6stritzer Schwarzbierbaruerei. Weiter ging es mit unserem Mitglied Peter Wolf. Er hatte einen Vortrag zum Thema &#8222;Th\u00fcringer Gasthaus- und Microbrauereien&#8220; ausgearbeitet. Den Abschluss bildete Thoralf Knote vom FBG Dresden\/Ostsachsen. Er hatte abermals einen sehr interessanten Vortag \u00fcber sein Steckenpferd &#8211; wie kann man am besten die US-amerikanischen Bieretiketten sortieren. Diesmal am Beispiel der Pfandgesetze.<\/p>\n\n\n\n<figure class=\"wp-block-image size-large\"><img loading=\"lazy\" decoding=\"async\" width=\"1024\" height=\"556\" src=\"https:\/\/obssc.de\/wp-content\/uploads\/2020\/05\/EDDL7587x20J-1024x556.jpg\" alt=\"\" class=\"wp-image-381\" srcset=\"https:\/\/obssc.de\/wp-content\/uploads\/2020\/05\/EDDL7587x20J-1024x556.jpg 1024w, https:\/\/obssc.de\/wp-content\/uploads\/2020\/05\/EDDL7587x20J-300x163.jpg 300w, https:\/\/obssc.de\/wp-content\/uploads\/2020\/05\/EDDL7587x20J-768x417.jpg 768w, https:\/\/obssc.de\/wp-content\/uploads\/2020\/05\/EDDL7587x20J.jpg 1420w\" sizes=\"auto, (max-width: 767px) 89vw, (max-width: 1000px) 54vw, (max-width: 1071px) 543px, 580px\" \/><figcaption>Uwe Helmsdorf w\u00e4hrend seinem Vortrag \u00fcber die Geschichte der Schwarzbierbrauerei<\/figcaption><\/figure>\n\n\n\n<p>Nat\u00fcrlich richteten auch die Chefs aus Dresden und Zwickau, Jens Rothe und Ekkehard Winkler, sowie Uwe Helmsdorf Worte an die Mitglieder zum Jubil\u00e4um aus. Gab es von den Sammlerclubs Pr\u00e4sente, gab es von der Brauerei das Freibier f\u00fcr den heutigen Tag. Die Pause bis zum Mitag nutzen wir f\u00fcr ein neues Gruppenfoto im Hof des Dreiseitenhofs.<\/p>\n\n\n\n<p>Nach einem gutem wie auch ausreichendem gemeinsamen Mittagessen begaben wir uns unter der Leitung von Uwe Helmsdorf auf eine gut 1,5 st\u00fcndige Brauereif\u00fchrung. Angefangen im wieder hergerichteten historischen Sudhaus, ging es weiter ins aktuelle Sudhaus, vorbei am Malzlager, zur Filtration und schlie\u00dflich in die F\u00fcllerei.<\/p>\n\n\n\n<figure class=\"wp-block-image size-large\"><img loading=\"lazy\" decoding=\"async\" width=\"1024\" height=\"550\" src=\"https:\/\/obssc.de\/wp-content\/uploads\/2020\/05\/YGBF9845x20J-1024x550.jpg\" alt=\"\" class=\"wp-image-383\" srcset=\"https:\/\/obssc.de\/wp-content\/uploads\/2020\/05\/YGBF9845x20J-1024x550.jpg 1024w, https:\/\/obssc.de\/wp-content\/uploads\/2020\/05\/YGBF9845x20J-300x161.jpg 300w, https:\/\/obssc.de\/wp-content\/uploads\/2020\/05\/YGBF9845x20J-768x412.jpg 768w, https:\/\/obssc.de\/wp-content\/uploads\/2020\/05\/YGBF9845x20J.jpg 1524w\" sizes=\"auto, (max-width: 767px) 89vw, (max-width: 1000px) 54vw, (max-width: 1071px) 543px, 580px\" \/><figcaption>W\u00e4hrend der Brauereif\u00fchrung &#8211; hier im restaurierten Sudhaus-Anbau von 1925<\/figcaption><\/figure>\n\n\n\n<p>Der Rundgang machte nat\u00fcrlich durstig, sodass wir wieder im Dreiseitenhof abermals vom K\u00f6stritzer Freibier tranken. Dem Kaffeetrinken mit selbstgebackenem Kuchen der Mitglieder folgte ein geselliges Beisammensein mit Fachsimpeleien. Gegen 18 Uhr schlie\u00dflich begaben sich alle wieder auf den Heimweg und unsere Feier war auch schon wieder Geschichte.<\/p>\n\n\n\n<figure class=\"wp-block-image size-large\"><img loading=\"lazy\" decoding=\"async\" width=\"1024\" height=\"477\" src=\"https:\/\/obssc.de\/wp-content\/uploads\/2020\/05\/IMG_2604x20J-1024x477.jpg\" alt=\"\" class=\"wp-image-385\" srcset=\"https:\/\/obssc.de\/wp-content\/uploads\/2020\/05\/IMG_2604x20J-1024x477.jpg 1024w, https:\/\/obssc.de\/wp-content\/uploads\/2020\/05\/IMG_2604x20J-300x140.jpg 300w, https:\/\/obssc.de\/wp-content\/uploads\/2020\/05\/IMG_2604x20J-768x358.jpg 768w, https:\/\/obssc.de\/wp-content\/uploads\/2020\/05\/IMG_2604x20J-1536x716.jpg 1536w, https:\/\/obssc.de\/wp-content\/uploads\/2020\/05\/IMG_2604x20J-2048x954.jpg 2048w\" sizes=\"auto, (max-width: 767px) 89vw, (max-width: 1000px) 54vw, (max-width: 1071px) 543px, 580px\" \/><figcaption>&#8230; gegen den stechenden Durst gibts in einer Brauerei ein Hilfsmittel &#8230;<\/figcaption><\/figure>\n\n\n\n<p>Abschlie\u00dfend nochmals ein besonderer Dank an Uwe Helmsdorf f\u00fcr die Bereitstellung des Dreiseitenhofes f\u00fcr die Feier sowie das Freibier. Wir haben es zwar versucht, aber es gelang uns nicht die Biervorr\u00e4te der Brauerei auszutrinken&nbsp;. Dank an dieser Stelle auch nochmals an die drei Redner und alle im Verein, die an der Vorbereitung dieser wie auch allen anderen Veranstaltungen des Vereins beteiligt sind oder waren. Danke auch an die Delegationen aus Dresden und Zwickau f\u00fcr ihre Anwesenheit und Geschenke.&nbsp;<\/p>\n\n\n\n<figure class=\"wp-block-image size-large\"><img loading=\"lazy\" decoding=\"async\" width=\"1024\" height=\"722\" src=\"https:\/\/obssc.de\/wp-content\/uploads\/2020\/05\/DFXN4759x20J-1024x722.jpg\" alt=\"\" class=\"wp-image-380\" srcset=\"https:\/\/obssc.de\/wp-content\/uploads\/2020\/05\/DFXN4759x20J-1024x722.jpg 1024w, https:\/\/obssc.de\/wp-content\/uploads\/2020\/05\/DFXN4759x20J-300x212.jpg 300w, https:\/\/obssc.de\/wp-content\/uploads\/2020\/05\/DFXN4759x20J-768x542.jpg 768w, https:\/\/obssc.de\/wp-content\/uploads\/2020\/05\/DFXN4759x20J.jpg 1039w\" sizes=\"auto, (max-width: 767px) 89vw, (max-width: 1000px) 54vw, (max-width: 1071px) 543px, 580px\" \/><figcaption>alte Werbeschilder der Brauerei<\/figcaption><\/figure>\n\n\n\n<p><\/p>\n","protected":false},"excerpt":{"rendered":"<p>20 Jahre Ostth\u00fcringer Brauerei Souvenir Sammler Club Gera Feier im historischen Dreiseitenhof Anl\u00e4sslich seines 20j\u00e4hrigen Bestehens feierten die Mitglieder des Ostth\u00fcringerBrauereiSouvenirSammlerClub Gera am 14. September 2019 gemeinsam mit geladenen G\u00e4sten im historischen Dreiseitenhof der K\u00f6stritzer Schwarzbierbrauerei. Das Angebot f\u00fcr die passende Lokalit\u00e4t kam vom Brauerei-Gesch\u00e4ftsf\u00fcher Uwe Helmsdorf und wir mussten nicht lange \u00fcberlegen und nahmen &hellip; <\/p>\n<p class=\"link-more\"><a href=\"https:\/\/obssc.de\/?page_id=210\" class=\"more-link\"><span class=\"screen-reader-text\">\u201e20 Jahre OBSSC\u201c <\/span>weiterlesen<\/a><\/p>\n","protected":false},"author":1,"featured_media":0,"parent":175,"menu_order":0,"comment_status":"closed","ping_status":"closed","template":"","meta":{"footnotes":""},"class_list":["post-210","page","type-page","status-publish","hentry"],"_links":{"self":[{"href":"https:\/\/obssc.de\/index.php?rest_route=\/wp\/v2\/pages\/210","targetHints":{"allow":["GET"]}}],"collection":[{"href":"https:\/\/obssc.de\/index.php?rest_route=\/wp\/v2\/pages"}],"about":[{"href":"https:\/\/obssc.de\/index.php?rest_route=\/wp\/v2\/types\/page"}],"author":[{"embeddable":true,"href":"https:\/\/obssc.de\/index.php?rest_route=\/wp\/v2\/users\/1"}],"replies":[{"embeddable":true,"href":"https:\/\/obssc.de\/index.php?rest_route=%2Fwp%2Fv2%2Fcomments&post=210"}],"version-history":[{"count":9,"href":"https:\/\/obssc.de\/index.php?rest_route=\/wp\/v2\/pages\/210\/revisions"}],"predecessor-version":[{"id":441,"href":"https:\/\/obssc.de\/index.php?rest_route=\/wp\/v2\/pages\/210\/revisions\/441"}],"up":[{"embeddable":true,"href":"https:\/\/obssc.de\/index.php?rest_route=\/wp\/v2\/pages\/175"}],"wp:attachment":[{"href":"https:\/\/obssc.de\/index.php?rest_route=%2Fwp%2Fv2%2Fmedia&parent=210"}],"curies":[{"name":"wp","href":"https:\/\/api.w.org\/{rel}","templated":true}]}}