{"id":208,"date":"2020-03-21T20:07:03","date_gmt":"2020-03-21T20:07:03","guid":{"rendered":"http:\/\/obssc.info\/?page_id=208"},"modified":"2020-04-30T10:18:14","modified_gmt":"2020-04-30T10:18:14","slug":"15-jahre-obssc","status":"publish","type":"page","link":"https:\/\/obssc.de\/?page_id=208","title":{"rendered":"15 Jahre OBSSC"},"content":{"rendered":"\n<p class=\"has-large-font-size\"><strong>15 Jahre Ostth\u00fcringer Brauerei Souvenir Sammler Club Gera<\/strong><\/p>\n\n\n\n<p class=\"has-medium-font-size\"><em>Geburtstagsfeier an einem historischen Ort<\/em><\/p>\n\n\n\n<figure class=\"wp-block-image size-full\"><img loading=\"lazy\" decoding=\"async\" width=\"300\" height=\"213\" src=\"https:\/\/obssc.de\/wp-content\/uploads\/2020\/03\/IMG_0529x.jpg\" alt=\"\" class=\"wp-image-30\"\/><figcaption>Schild der Elsterthal-Brauerei<\/figcaption><\/figure>\n\n\n\n<p>F\u00fcr die Feier anl\u00e4sslich des 15. Geburtstages unseres Vereins hatten wir einen besonderen Ort auserkoren: Die ehemalige \u201eElsterthalbrauerei Tauchlitz&#8220; (Saale-Holzland-Kreis). Das alte Brauerei-und M\u00e4lzereigeb\u00e4ude befindet sich in einem sehr guten Zustand und wird sowohl von der Gemeinde Tauchlitz als auch von der VG Heideland-Elstertal-Schk\u00f6len f\u00fcr vielf\u00e4ltigste Veranstaltungen genutzt.<\/p>\n\n\n\n<figure class=\"wp-block-image size-medium\"><img loading=\"lazy\" decoding=\"async\" width=\"300\" height=\"206\" src=\"https:\/\/obssc.de\/wp-content\/uploads\/2020\/04\/IMG_0502x-300x206.jpg\" alt=\"\" class=\"wp-image-324\" srcset=\"https:\/\/obssc.de\/wp-content\/uploads\/2020\/04\/IMG_0502x-300x206.jpg 300w, https:\/\/obssc.de\/wp-content\/uploads\/2020\/04\/IMG_0502x-1024x704.jpg 1024w, https:\/\/obssc.de\/wp-content\/uploads\/2020\/04\/IMG_0502x-768x528.jpg 768w, https:\/\/obssc.de\/wp-content\/uploads\/2020\/04\/IMG_0502x-1536x1056.jpg 1536w, https:\/\/obssc.de\/wp-content\/uploads\/2020\/04\/IMG_0502x-2048x1408.jpg 2048w\" sizes=\"auto, (max-width: 300px) 100vw, 300px\" \/><figcaption>A. Pitschel und B. Coppi bei der Enth\u00fcllung der Tafel<\/figcaption><\/figure>\n\n\n\n<p>Schade fanden wir allerdings immer, dass am Geb\u00e4ude bislang kein Hinweis auf die alte Brauerei vorhanden war. Deshalb nahmen wir uns vor, ein entsprechendes Hinweisschild anfertigen zu lassen und am Tag unserer Zusammenkunft feierlich zu enth\u00fcllen. Einen begeisterten Bef\u00fcrworter unseres Vorhabens fanden wir in Albrecht Pitschel, Gesch\u00e4ftsf\u00fchrer der Schwarzbierbrauerei Bad K\u00f6stritz, und selbst Tauchlitzer.<br>Als Auftakt und gleichzeitig auch H\u00f6hepunkt unserer Geburtstagsfeier enth\u00fcllten dann unter dem Beifall der Anwesenden &#8211; unter ihnen auch Vertreter unserer befreundeten Sammlervereine aus Dresden, Zwickau und Leipzig &#8211; Albrecht Pitschel und unser Vereinsvorsitzender, Bernd Coppi, die Hinweistafel.<\/p>\n\n\n\n<figure class=\"wp-block-image size-full\"><img loading=\"lazy\" decoding=\"async\" width=\"300\" height=\"199\" src=\"https:\/\/obssc.de\/wp-content\/uploads\/2020\/03\/IMG_0528x.jpg\" alt=\"\" class=\"wp-image-124\"\/><figcaption>Erinnerung-Tafel<\/figcaption><\/figure>\n\n\n\n<p>Mit dieser Aktion wollen wir deutlich machen, dass uns neben dem Sammeln der unterschiedlichsten Werbemittel auch Traditionspflege und das Brauwesen in unserer Region sehr am Herzen liegen.<br><\/p>\n\n\n\n<p>Im Anschluss daran erz\u00e4hlte uns Herr Pitschel einiges \u00fcber die Geschichte der 1697 gegr\u00fcndeten \u201eElsterthal-Brauerei Tauchlitz&#8220;. Aufgrund der guten verkehrstechnischen Anbindung durch den Bahnhof Crossen und die Fernverkehrsstra\u00dfe Gera &#8211; Zeitz hatte die Brauerei in einem so kleinen Ort wie Tauchlitz damals sehr gute Voraussetzungen. Da hier ebenso wie im nicht weit entfernten Bad K\u00f6stritz Schwarzbier produziert wurde, kam es immer wieder zu Zwistigkeiten. Nach der \u00dcbernahme der \u201eElsterthalbrauerei&#8220; durch die Geraer Riebeck-Brauerei erfolgte eine Marktbereinigung in deren Folge die Tauchlitzer Brauerei im Jahre 1920 aufgelassen wurde.<\/p>\n\n\n\n<figure class=\"wp-block-image size-medium\"><img loading=\"lazy\" decoding=\"async\" width=\"300\" height=\"194\" src=\"https:\/\/obssc.de\/wp-content\/uploads\/2020\/04\/IMG_8101x-300x194.jpg\" alt=\"\" class=\"wp-image-325\" srcset=\"https:\/\/obssc.de\/wp-content\/uploads\/2020\/04\/IMG_8101x-300x194.jpg 300w, https:\/\/obssc.de\/wp-content\/uploads\/2020\/04\/IMG_8101x-1024x661.jpg 1024w, https:\/\/obssc.de\/wp-content\/uploads\/2020\/04\/IMG_8101x-768x496.jpg 768w, https:\/\/obssc.de\/wp-content\/uploads\/2020\/04\/IMG_8101x-1536x992.jpg 1536w, https:\/\/obssc.de\/wp-content\/uploads\/2020\/04\/IMG_8101x-2048x1322.jpg 2048w\" sizes=\"auto, (max-width: 300px) 100vw, 300px\" \/><figcaption>Albrecht Pitschel \u00fcber die Brauerei Tauchlitz<\/figcaption><\/figure>\n\n\n\n<figure class=\"wp-block-image size-full\"><img loading=\"lazy\" decoding=\"async\" width=\"300\" height=\"234\" src=\"https:\/\/obssc.de\/wp-content\/uploads\/2020\/03\/IMG_8105x.jpg\" alt=\"\" class=\"wp-image-87\"\/><figcaption>Peter Wolf \u00fcber das Th\u00fcringer Brauwesen<\/figcaption><\/figure>\n\n\n\n<p>Im weiteren Verlauf unserer Feier gab es dann noch drei weitere interessante Vortr\u00e4ge zum Th\u00fcringer Brauwesen vor 1990, speziell in den Bezirken Erfurt und Suhl, und zu einigen Aspekten des Sammelns von Brauereiwerbemitteln. Ein besonderes Dankesch\u00f6n gilt in diesem Zusammenhang unserem Dresdner Sammlerfreund Thoralf Knote f\u00fcr seine interessanten Ausf\u00fchrungen zum Sammeln von US-amerikanischen Bieretiketten.<\/p>\n\n\n\n<figure class=\"wp-block-image size-medium\"><img loading=\"lazy\" decoding=\"async\" width=\"300\" height=\"212\" src=\"https:\/\/obssc.de\/wp-content\/uploads\/2020\/04\/IMG_0491x-300x212.jpg\" alt=\"\" class=\"wp-image-326\" srcset=\"https:\/\/obssc.de\/wp-content\/uploads\/2020\/04\/IMG_0491x-300x212.jpg 300w, https:\/\/obssc.de\/wp-content\/uploads\/2020\/04\/IMG_0491x-1024x725.jpg 1024w, https:\/\/obssc.de\/wp-content\/uploads\/2020\/04\/IMG_0491x-768x544.jpg 768w, https:\/\/obssc.de\/wp-content\/uploads\/2020\/04\/IMG_0491x-1536x1087.jpg 1536w, https:\/\/obssc.de\/wp-content\/uploads\/2020\/04\/IMG_0491x-2048x1450.jpg 2048w\" sizes=\"auto, (max-width: 300px) 100vw, 300px\" \/><figcaption>Tilo mit den Semmeln<\/figcaption><\/figure>\n\n\n\n<figure class=\"wp-block-image size-full\"><img loading=\"lazy\" decoding=\"async\" width=\"300\" height=\"172\" src=\"https:\/\/obssc.de\/wp-content\/uploads\/2020\/03\/IMG_0509x.jpg\" alt=\"\" class=\"wp-image-81\"\/><figcaption>Mittagspause mit Th\u00fcringer Grillspezialit\u00e4ten<\/figcaption><\/figure>\n\n\n\n<p>Als Abschluss des offiziellen Teils unserer Feier gab es Kaffee und selbst gebackenen Kuchen, der von unseren weiblichen Klubmitgliedern bzw. den Partnerinnen unser m\u00e4nnlichen Mitglieder zubereitet wurde.<br>Bei Th\u00fcringer Bratw\u00fcrsten und Rostbr\u00e4teln sowie K\u00f6stritzer Bieren verbrachten wir im Kreis unserer Vereinsmitglieder und deren Angeh\u00f6rigen noch ein paar sch\u00f6ne und unvergessliche Stunden.<\/p>\n\n\n\n<figure class=\"wp-block-image size-full\"><img loading=\"lazy\" decoding=\"async\" width=\"300\" height=\"140\" src=\"https:\/\/obssc.de\/wp-content\/uploads\/2020\/03\/IMG_8114x.jpg\" alt=\"\" class=\"wp-image-125\"\/><figcaption>DIE Kuchenplatte<\/figcaption><\/figure>\n\n\n\n<figure class=\"wp-block-image size-full\"><img loading=\"lazy\" decoding=\"async\" width=\"300\" height=\"224\" src=\"https:\/\/obssc.de\/wp-content\/uploads\/2020\/03\/IMG_0518x.jpg\" alt=\"\" class=\"wp-image-43\"\/><figcaption>Unsere G\u00e4ste beim Lesen der Chronik<\/figcaption><\/figure>\n\n\n\n<p><em>Das Lesen unserer Vereins-Chronik ist immer wieder interessant. Nicht zuletzt deshalb, weil unsere Chronistin Simone die Chronik mit viel Liebe und witzigen Komentaren erstellt.<\/em><\/p>\n\n\n\n<figure class=\"wp-block-image size-full\"><img loading=\"lazy\" decoding=\"async\" width=\"300\" height=\"212\" src=\"https:\/\/obssc.de\/wp-content\/uploads\/2020\/03\/IMG_8126x.jpg\" alt=\"\" class=\"wp-image-141\"\/><figcaption>T. Triemner mit Filmaufnahmen<\/figcaption><\/figure>\n\n\n\n<figure class=\"wp-block-image size-full\"><img loading=\"lazy\" decoding=\"async\" width=\"300\" height=\"230\" src=\"https:\/\/obssc.de\/wp-content\/uploads\/2020\/03\/IMG_0524x.jpg\" alt=\"\" class=\"wp-image-118\"\/><figcaption>T. Triemner mit weiteren Filmaufnahmen<\/figcaption><\/figure>\n\n\n\n<p><em>Auch das Fernsehen interessierte sich f\u00fcr unsere Feier. Hier in Person von Thomas Triemner, der einen kleinen Beitrag f\u00fcr das Geraer Regional-Fernsehen aufzeichnete. Daf\u00fcr an dieser Stelle herzlichen Dank.<\/em><\/p>\n\n\n\n<p>Das hier aufgezeichnete Filmmaterial wurde zu einem wirklich sehenswertem Film, den Link dazu&nbsp;<a href=\"https:\/\/www.youtube.com\/watch?v=zElwh0UJ14k\">hier<\/a>&nbsp;.<\/p>\n","protected":false},"excerpt":{"rendered":"<p>15 Jahre Ostth\u00fcringer Brauerei Souvenir Sammler Club Gera Geburtstagsfeier an einem historischen Ort F\u00fcr die Feier anl\u00e4sslich des 15. Geburtstages unseres Vereins hatten wir einen besonderen Ort auserkoren: Die ehemalige \u201eElsterthalbrauerei Tauchlitz&#8220; (Saale-Holzland-Kreis). Das alte Brauerei-und M\u00e4lzereigeb\u00e4ude befindet sich in einem sehr guten Zustand und wird sowohl von der Gemeinde Tauchlitz als auch von der &hellip; <\/p>\n<p class=\"link-more\"><a href=\"https:\/\/obssc.de\/?page_id=208\" class=\"more-link\"><span class=\"screen-reader-text\">\u201e15 Jahre OBSSC\u201c <\/span>weiterlesen<\/a><\/p>\n","protected":false},"author":1,"featured_media":0,"parent":175,"menu_order":0,"comment_status":"closed","ping_status":"closed","template":"","meta":{"footnotes":""},"class_list":["post-208","page","type-page","status-publish","hentry"],"_links":{"self":[{"href":"https:\/\/obssc.de\/index.php?rest_route=\/wp\/v2\/pages\/208","targetHints":{"allow":["GET"]}}],"collection":[{"href":"https:\/\/obssc.de\/index.php?rest_route=\/wp\/v2\/pages"}],"about":[{"href":"https:\/\/obssc.de\/index.php?rest_route=\/wp\/v2\/types\/page"}],"author":[{"embeddable":true,"href":"https:\/\/obssc.de\/index.php?rest_route=\/wp\/v2\/users\/1"}],"replies":[{"embeddable":true,"href":"https:\/\/obssc.de\/index.php?rest_route=%2Fwp%2Fv2%2Fcomments&post=208"}],"version-history":[{"count":4,"href":"https:\/\/obssc.de\/index.php?rest_route=\/wp\/v2\/pages\/208\/revisions"}],"predecessor-version":[{"id":327,"href":"https:\/\/obssc.de\/index.php?rest_route=\/wp\/v2\/pages\/208\/revisions\/327"}],"up":[{"embeddable":true,"href":"https:\/\/obssc.de\/index.php?rest_route=\/wp\/v2\/pages\/175"}],"wp:attachment":[{"href":"https:\/\/obssc.de\/index.php?rest_route=%2Fwp%2Fv2%2Fmedia&parent=208"}],"curies":[{"name":"wp","href":"https:\/\/api.w.org\/{rel}","templated":true}]}}