{"id":206,"date":"2020-03-21T20:05:59","date_gmt":"2020-03-21T20:05:59","guid":{"rendered":"http:\/\/obssc.info\/?page_id=206"},"modified":"2020-04-30T10:43:43","modified_gmt":"2020-04-30T10:43:43","slug":"10-jahre-obssc","status":"publish","type":"page","link":"https:\/\/obssc.de\/?page_id=206","title":{"rendered":"10 Jahre OBSSC"},"content":{"rendered":"\n<p class=\"has-large-font-size\"><strong>10 Jahre Ostth\u00fcringer Brauerei Souvenir Sammler Club Gera<\/strong><\/p>\n\n\n\n<p>Mit einer Festveranstaltung feierten am 26. September 2009 die Mitglieder des Ostth\u00fcringerBrauereiSouvenirSammlerClubs Gera das 10-j\u00e4hrige Bestehen ihres Vereins. Zu Beginn der gelungenen Veranstaltung konnte Vereinsvorsitzender Bernd Coppi eine eindrucksvolle Bilanz der vergangenen 10 Jahre ziehen. Im Anschluss daran sprach der stellvertretende Vorsitzende des H\u00f6hlervereins Gera, Dr. Wieland K\u00f6gel, \u00fcber Geschichte und Gegenwart der einstigen Bierkeller brauberechtigter B\u00fcrger der Stadt Gera. Danach gab OBSSC-Mitglied Peter Wolf einen \u00dcberblick \u00fcber die Brauereien im Bezirk Gera in den 1970er Jahren und deren Zusammenschluss zum &#8222;VEB Ostth\u00fcringer Brauereien&#8220; mit Sitz in P\u00f6\u00dfneck.<\/p>\n\n\n\n<figure class=\"wp-block-image size-large\"><img loading=\"lazy\" decoding=\"async\" width=\"1024\" height=\"863\" src=\"https:\/\/obssc.de\/wp-content\/uploads\/2020\/04\/SL370166x-1024x863.jpg\" alt=\"\" class=\"wp-image-332\" srcset=\"https:\/\/obssc.de\/wp-content\/uploads\/2020\/04\/SL370166x-1024x863.jpg 1024w, https:\/\/obssc.de\/wp-content\/uploads\/2020\/04\/SL370166x-300x253.jpg 300w, https:\/\/obssc.de\/wp-content\/uploads\/2020\/04\/SL370166x-768x648.jpg 768w, https:\/\/obssc.de\/wp-content\/uploads\/2020\/04\/SL370166x-1536x1295.jpg 1536w, https:\/\/obssc.de\/wp-content\/uploads\/2020\/04\/SL370166x-2048x1727.jpg 2048w\" sizes=\"auto, (max-width: 767px) 89vw, (max-width: 1000px) 54vw, (max-width: 1071px) 543px, 580px\" \/><figcaption>Gruppenfoto auf dem Geraer Marktplatz vor dem Simsonbrunnen<\/figcaption><\/figure>\n\n\n\n<p>Zum Abschluss des offiziellen Teils \u00fcberbrachten der Vorsitzende des Freundeskreis Brauereigeschichte Dresden\/Ostsachsen e.V., Rolf Kluttig, und der Vorsitzende des 1. Brauereisouvenirclub Mauritius Zwickau, Ekke Winkler, die Gr\u00fc\u00dfe ihrer Vereinsmitglieder und \u00fcbergaben Erinnerungsgeschenke.<\/p>\n\n\n\n<p>W\u00e4hrend des gem\u00fctlichen Beisammenseins im Verlauf des Abends erinnerten sich die OBSSC-Mitglieder gern an viele Aktivit\u00e4ten, Ereignisse und Episoden der zur\u00fcckliegenden 10 Jahre. Gro\u00dfes Interesse fand dabei auch die schon sechs Ordner umfassende Vereinschronik.<\/p>\n\n\n\n<figure class=\"wp-block-image size-medium\"><img loading=\"lazy\" decoding=\"async\" width=\"300\" height=\"230\" src=\"https:\/\/obssc.de\/wp-content\/uploads\/2020\/03\/SL370162xx-300x230.jpg\" alt=\"\" class=\"wp-image-153\" srcset=\"https:\/\/obssc.de\/wp-content\/uploads\/2020\/03\/SL370162xx-300x230.jpg 300w, https:\/\/obssc.de\/wp-content\/uploads\/2020\/03\/SL370162xx.jpg 600w\" sizes=\"auto, (max-width: 300px) 100vw, 300px\" \/><figcaption>Bernd Coppi, Vorsitzender (M.)<\/figcaption><\/figure>\n\n\n\n<p><em>Vereinsvorsitzender Bernd Coppi (m.) w\u00e4hrend seiner Redezum 10-j\u00e4hrigen Bestehen des OBSSC Gera<\/em><\/p>\n\n\n\n<figure class=\"wp-block-image size-medium\"><img loading=\"lazy\" decoding=\"async\" width=\"300\" height=\"170\" src=\"https:\/\/obssc.de\/wp-content\/uploads\/2020\/04\/SL370163x-300x170.jpg\" alt=\"\" class=\"wp-image-329\" srcset=\"https:\/\/obssc.de\/wp-content\/uploads\/2020\/04\/SL370163x-300x170.jpg 300w, https:\/\/obssc.de\/wp-content\/uploads\/2020\/04\/SL370163x-1024x581.jpg 1024w, https:\/\/obssc.de\/wp-content\/uploads\/2020\/04\/SL370163x-768x436.jpg 768w, https:\/\/obssc.de\/wp-content\/uploads\/2020\/04\/SL370163x-1536x871.jpg 1536w, https:\/\/obssc.de\/wp-content\/uploads\/2020\/04\/SL370163x-2048x1162.jpg 2048w\" sizes=\"auto, (max-width: 300px) 100vw, 300px\" \/><figcaption>Dr. Wiland K\u00f6gel, H\u00f6hlerverein Gera<\/figcaption><\/figure>\n\n\n\n<figure class=\"wp-block-image size-medium\"><img loading=\"lazy\" decoding=\"async\" width=\"300\" height=\"224\" src=\"https:\/\/obssc.de\/wp-content\/uploads\/2020\/03\/1_SL370171xx-300x224.jpg\" alt=\"\" class=\"wp-image-36\" srcset=\"https:\/\/obssc.de\/wp-content\/uploads\/2020\/03\/1_SL370171xx-300x224.jpg 300w, https:\/\/obssc.de\/wp-content\/uploads\/2020\/03\/1_SL370171xx.jpg 600w\" sizes=\"auto, (max-width: 300px) 100vw, 300px\" \/><figcaption>Peter Wolf, OBSSC<\/figcaption><\/figure>\n\n\n\n<p><em>Dr. Wieland K\u00f6gel (Bild oben) und Peter Wolf (Bild unten) w\u00e4hrend ihrer Ausf\u00fchrungen zu den Geraer H\u00f6hlern und \u00fcber das Brauwesen im fr\u00fcheren Bezirk Gera\u00a0<\/em><\/p>\n\n\n\n<figure class=\"wp-block-image size-medium\"><img loading=\"lazy\" decoding=\"async\" width=\"300\" height=\"169\" src=\"https:\/\/obssc.de\/wp-content\/uploads\/2020\/03\/SL370169xx-300x169.jpg\" alt=\"\" class=\"wp-image-135\" srcset=\"https:\/\/obssc.de\/wp-content\/uploads\/2020\/03\/SL370169xx-300x169.jpg 300w, https:\/\/obssc.de\/wp-content\/uploads\/2020\/03\/SL370169xx.jpg 600w\" sizes=\"auto, (max-width: 300px) 100vw, 300px\" \/><figcaption>Interessiertes Bl\u00e4ttern in der Chronik<\/figcaption><\/figure>\n\n\n\n<p><em>OBSSC-Mitglieder beim Bl\u00e4ttern in der Vereinschronik<\/em><\/p>\n\n\n\n<figure class=\"wp-block-image size-medium\"><img loading=\"lazy\" decoding=\"async\" width=\"300\" height=\"219\" src=\"https:\/\/obssc.de\/wp-content\/uploads\/2020\/03\/SL370177xx-300x219.jpg\" alt=\"\" class=\"wp-image-83\" srcset=\"https:\/\/obssc.de\/wp-content\/uploads\/2020\/03\/SL370177xx-300x219.jpg 300w, https:\/\/obssc.de\/wp-content\/uploads\/2020\/03\/SL370177xx.jpg 600w\" sizes=\"auto, (max-width: 300px) 100vw, 300px\" \/><figcaption>Rolf Kluttig, FBG Dresden\/Ostsachsen (r.)<\/figcaption><\/figure>\n\n\n\n<figure class=\"wp-block-image size-medium\"><img loading=\"lazy\" decoding=\"async\" width=\"300\" height=\"228\" src=\"https:\/\/obssc.de\/wp-content\/uploads\/2020\/03\/SL370180xx-300x228.jpg\" alt=\"\" class=\"wp-image-116\" srcset=\"https:\/\/obssc.de\/wp-content\/uploads\/2020\/03\/SL370180xx-300x228.jpg 300w, https:\/\/obssc.de\/wp-content\/uploads\/2020\/03\/SL370180xx.jpg 600w\" sizes=\"auto, (max-width: 300px) 100vw, 300px\" \/><figcaption>Ekkehard Winkler, BSC Mauritius Zwickau (l.)<\/figcaption><\/figure>\n\n\n\n<p><em>Rolf Kluttig (oberes Bild, ganz rechts) und Ekke Winkler (unteres Bild, ganz links) \u00fcbergeben OBSSC-Chef Bernd Coppi und dessen Stellvertreter Karlheinz Rodegast Erinnerungsgeschenke<\/em><\/p>\n\n\n\n<figure class=\"wp-block-image size-medium\"><img loading=\"lazy\" decoding=\"async\" width=\"300\" height=\"243\" src=\"https:\/\/obssc.de\/wp-content\/uploads\/2020\/04\/SL370184x-300x243.jpg\" alt=\"\" class=\"wp-image-330\" srcset=\"https:\/\/obssc.de\/wp-content\/uploads\/2020\/04\/SL370184x-300x243.jpg 300w, https:\/\/obssc.de\/wp-content\/uploads\/2020\/04\/SL370184x-1024x831.jpg 1024w, https:\/\/obssc.de\/wp-content\/uploads\/2020\/04\/SL370184x-768x623.jpg 768w, https:\/\/obssc.de\/wp-content\/uploads\/2020\/04\/SL370184x-1536x1247.jpg 1536w, https:\/\/obssc.de\/wp-content\/uploads\/2020\/04\/SL370184x-2048x1662.jpg 2048w\" sizes=\"auto, (max-width: 300px) 100vw, 300px\" \/><figcaption>Die Geschenke zum Geburtstag<\/figcaption><\/figure>\n\n\n\n<p><em>Geschenke der Sammlerfreunde aus Dresden, Leipzig und Zwickau\u00a0<\/em><\/p>\n\n\n\n<figure class=\"wp-block-image size-medium\"><img loading=\"lazy\" decoding=\"async\" width=\"300\" height=\"202\" src=\"https:\/\/obssc.de\/wp-content\/uploads\/2020\/03\/SL370185xx-300x202.jpg\" alt=\"\" class=\"wp-image-46\" srcset=\"https:\/\/obssc.de\/wp-content\/uploads\/2020\/03\/SL370185xx-300x202.jpg 300w, https:\/\/obssc.de\/wp-content\/uploads\/2020\/03\/SL370185xx.jpg 600w\" sizes=\"auto, (max-width: 300px) 100vw, 300px\" \/><figcaption>Gem\u00fctliches Beisammensein im Laufe des Abends<\/figcaption><\/figure>\n\n\n\n<p><em>Gemeinsam mit ihren G\u00e4sten feierten die Mitglieder des OBSSC im Geraer &#8222;Burgkeller&#8220;in gem\u00fctlicher Runde den 10. Geburtstag ihres Vereins <\/em><\/p>\n\n\n\n<figure class=\"wp-block-image size-medium\"><img loading=\"lazy\" decoding=\"async\" width=\"277\" height=\"300\" src=\"https:\/\/obssc.de\/wp-content\/uploads\/2020\/04\/SL370183x-277x300.jpg\" alt=\"\" class=\"wp-image-331\" srcset=\"https:\/\/obssc.de\/wp-content\/uploads\/2020\/04\/SL370183x-277x300.jpg 277w, https:\/\/obssc.de\/wp-content\/uploads\/2020\/04\/SL370183x-945x1024.jpg 945w, https:\/\/obssc.de\/wp-content\/uploads\/2020\/04\/SL370183x-768x833.jpg 768w, https:\/\/obssc.de\/wp-content\/uploads\/2020\/04\/SL370183x-1417x1536.jpg 1417w, https:\/\/obssc.de\/wp-content\/uploads\/2020\/04\/SL370183x-1889x2048.jpg 1889w, https:\/\/obssc.de\/wp-content\/uploads\/2020\/04\/SL370183x.jpg 1974w\" sizes=\"auto, (max-width: 277px) 100vw, 277px\" \/><figcaption>Fest-Etikett zu 10 Jahre OBSSC<\/figcaption><\/figure>\n\n\n\n<p><em>Das Fest-Etikett anl\u00e4sslich unseres 10. Geburtstages<\/em><\/p>\n","protected":false},"excerpt":{"rendered":"<p>10 Jahre Ostth\u00fcringer Brauerei Souvenir Sammler Club Gera Mit einer Festveranstaltung feierten am 26. September 2009 die Mitglieder des Ostth\u00fcringerBrauereiSouvenirSammlerClubs Gera das 10-j\u00e4hrige Bestehen ihres Vereins. Zu Beginn der gelungenen Veranstaltung konnte Vereinsvorsitzender Bernd Coppi eine eindrucksvolle Bilanz der vergangenen 10 Jahre ziehen. Im Anschluss daran sprach der stellvertretende Vorsitzende des H\u00f6hlervereins Gera, Dr. Wieland &hellip; <\/p>\n<p class=\"link-more\"><a href=\"https:\/\/obssc.de\/?page_id=206\" class=\"more-link\"><span class=\"screen-reader-text\">\u201e10 Jahre OBSSC\u201c <\/span>weiterlesen<\/a><\/p>\n","protected":false},"author":1,"featured_media":0,"parent":175,"menu_order":0,"comment_status":"closed","ping_status":"closed","template":"","meta":{"footnotes":""},"class_list":["post-206","page","type-page","status-publish","hentry"],"_links":{"self":[{"href":"https:\/\/obssc.de\/index.php?rest_route=\/wp\/v2\/pages\/206","targetHints":{"allow":["GET"]}}],"collection":[{"href":"https:\/\/obssc.de\/index.php?rest_route=\/wp\/v2\/pages"}],"about":[{"href":"https:\/\/obssc.de\/index.php?rest_route=\/wp\/v2\/types\/page"}],"author":[{"embeddable":true,"href":"https:\/\/obssc.de\/index.php?rest_route=\/wp\/v2\/users\/1"}],"replies":[{"embeddable":true,"href":"https:\/\/obssc.de\/index.php?rest_route=%2Fwp%2Fv2%2Fcomments&post=206"}],"version-history":[{"count":4,"href":"https:\/\/obssc.de\/index.php?rest_route=\/wp\/v2\/pages\/206\/revisions"}],"predecessor-version":[{"id":333,"href":"https:\/\/obssc.de\/index.php?rest_route=\/wp\/v2\/pages\/206\/revisions\/333"}],"up":[{"embeddable":true,"href":"https:\/\/obssc.de\/index.php?rest_route=\/wp\/v2\/pages\/175"}],"wp:attachment":[{"href":"https:\/\/obssc.de\/index.php?rest_route=%2Fwp%2Fv2%2Fmedia&parent=206"}],"curies":[{"name":"wp","href":"https:\/\/api.w.org\/{rel}","templated":true}]}}