{"id":204,"date":"2020-03-21T20:05:06","date_gmt":"2020-03-21T20:05:06","guid":{"rendered":"http:\/\/obssc.info\/?page_id=204"},"modified":"2025-09-23T13:53:22","modified_gmt":"2025-09-23T13:53:22","slug":"tauschtreffen","status":"publish","type":"page","link":"https:\/\/obssc.de\/?page_id=204","title":{"rendered":"Tauschtreffen"},"content":{"rendered":"\n<p>Allj\u00e4hrlich finden in Deutschland sowie im Ausland eine gro\u00dfe Zahl an Tauschtreffen statt. Diese werden von den meisten Sammlerfreunden von Brauereiwerbemitteln gern besucht, um dadurch die eigenen Sammlungen zu vergr\u00f6\u00dfern und gleichzeitig mit anderen Sammlern Erfahrungen und Infomationen auszutauschen. Diese Tauschtreffen werden in der Regel von regionalen Sammlergruppen bzw. auch einzelnen Sammlerfreunden vorbereitet und durchgef\u00fchrt. Dazu geh\u00f6ren das rechtzeitige Bekanntmachen und Einladen der Sammlerfreunde, die Fertigung der sehr begehrten Tauschtagsdeckel und -stempel, das Einrichten der jeweiligen Tauschlokale mit Biertisch-Garnituren und die Organisation am Tauschtag selbst.<\/p>\n\n\n<div class=\"wp-block-image\">\n<figure class=\"alignleft size-large\"><img loading=\"lazy\" decoding=\"async\" width=\"799\" height=\"1024\" src=\"https:\/\/obssc.de\/wp-content\/uploads\/2020\/05\/Scan_20200501-Stempel-799x1024.jpg\" alt=\"\" class=\"wp-image-388\" srcset=\"https:\/\/obssc.de\/wp-content\/uploads\/2020\/05\/Scan_20200501-Stempel-799x1024.jpg 799w, https:\/\/obssc.de\/wp-content\/uploads\/2020\/05\/Scan_20200501-Stempel-234x300.jpg 234w, https:\/\/obssc.de\/wp-content\/uploads\/2020\/05\/Scan_20200501-Stempel-768x985.jpg 768w, https:\/\/obssc.de\/wp-content\/uploads\/2020\/05\/Scan_20200501-Stempel.jpg 833w\" sizes=\"auto, (max-width: 767px) 89vw, (max-width: 1000px) 54vw, (max-width: 1071px) 543px, 580px\" \/><figcaption class=\"wp-element-caption\">Erinnerungsstempel von Tauschtreffen<\/figcaption><\/figure>\n<\/div>\n\n\n<p>Wir als OBSSC haben seit dem Jahr 2000 bereits 26 derartige Tauschtreffen in ostth\u00fcringer Brauereien organisiert. Daf\u00fcr haben uns die Brauereien immer entsprechend gro\u00dfe R\u00e4umlichkeiten, meistens die Leerguthallen, zur Verf\u00fcgung gestellt. Unsere bisherigen Tauschtreffen fanden in der&nbsp;<a href=\"http:\/\/www.koestritzer.de\/\">Schwarzbierbrauerei Bad K\u00f6stritz<\/a>, in der&nbsp;<a href=\"http:\/\/www.greizer.de\/\">Vereinsbrauerei Greiz<\/a>, in der&nbsp;<a href=\"http:\/\/www.vereinsbrauerei-apolda.de\/\">Vereinsbrauerei Apolda<\/a>, in der&nbsp;<a href=\"http:\/\/www.watzdorfer.de\/\">Watzdorfer Brauerei<\/a>&nbsp;sowie in der&nbsp;<a href=\"http:\/\/www.rosenbrauerei.de\/\">Rosenbrauerei P\u00f6\u00dfneck<\/a>&nbsp;statt. Im Jahr 2025 durften wir erstmalig im <a href=\"http:\/\/www.ziegenmuehle.de\">Brauereigasthof Ziegenm\u00fchle<\/a> in Schleifreisen Gast sein und unser Tauschtreffen durchf\u00fchren.<\/p>\n\n\n\n<p>W\u00e4hrend wir in den ersten Jahren zwei Tauchtreffen im Jahr veranstalten konnten, war es 2002 aus organisatorischen Gr\u00fcnden nicht m\u00f6glich eine Tauschb\u00f6rse unter unserer Regie durchzuf\u00fchren. In den Jahren 2020 &amp; 2021 verhinderte die Corona-Pandemie allerdings nicht nur unser geplantes Tauschtreffen in Apolda.<\/p>\n\n\n\n<p class=\"has-vivid-purple-color has-luminous-vivid-amber-background-color has-text-color has-background\">Hier ein \u00dcberblick \u00fcber unsere bisherigen 26 Tauschtags-Bierdeckel in chronologischer Reihenfolge<\/p>\n\n\n\n<figure class=\"wp-block-image size-full\"><img loading=\"lazy\" decoding=\"async\" width=\"720\" height=\"720\" src=\"https:\/\/obssc.de\/wp-content\/uploads\/2020\/05\/Scan_20200502-TT1.jpg\" alt=\"\" class=\"wp-image-417\" srcset=\"https:\/\/obssc.de\/wp-content\/uploads\/2020\/05\/Scan_20200502-TT1.jpg 720w, https:\/\/obssc.de\/wp-content\/uploads\/2020\/05\/Scan_20200502-TT1-300x300.jpg 300w, https:\/\/obssc.de\/wp-content\/uploads\/2020\/05\/Scan_20200502-TT1-150x150.jpg 150w, https:\/\/obssc.de\/wp-content\/uploads\/2020\/05\/Scan_20200502-TT1-100x100.jpg 100w\" sizes=\"auto, (max-width: 720px) 100vw, 720px\" \/><figcaption class=\"wp-element-caption\">1. Tauschtreffen am 04.06.2000 in Greiz (gestempelter Bierdeckel)<\/figcaption><\/figure>\n\n\n\n<figure class=\"wp-block-image size-full\"><img loading=\"lazy\" decoding=\"async\" width=\"747\" height=\"747\" src=\"https:\/\/obssc.de\/wp-content\/uploads\/2020\/05\/Scan_20200502-TT2.jpg\" alt=\"\" class=\"wp-image-418\" srcset=\"https:\/\/obssc.de\/wp-content\/uploads\/2020\/05\/Scan_20200502-TT2.jpg 747w, https:\/\/obssc.de\/wp-content\/uploads\/2020\/05\/Scan_20200502-TT2-300x300.jpg 300w, https:\/\/obssc.de\/wp-content\/uploads\/2020\/05\/Scan_20200502-TT2-150x150.jpg 150w, https:\/\/obssc.de\/wp-content\/uploads\/2020\/05\/Scan_20200502-TT2-100x100.jpg 100w\" sizes=\"auto, (max-width: 706px) 89vw, (max-width: 767px) 82vw, 740px\" \/><figcaption class=\"wp-element-caption\">2. Tauschtreffen am 15.07.2000 in Bad K\u00f6stritz<\/figcaption><\/figure>\n\n\n\n<figure class=\"wp-block-image size-full\"><img loading=\"lazy\" decoding=\"async\" width=\"739\" height=\"740\" src=\"https:\/\/obssc.de\/wp-content\/uploads\/2020\/05\/Scan_20200501-TT3.jpg\" alt=\"\" class=\"wp-image-391\" srcset=\"https:\/\/obssc.de\/wp-content\/uploads\/2020\/05\/Scan_20200501-TT3.jpg 739w, https:\/\/obssc.de\/wp-content\/uploads\/2020\/05\/Scan_20200501-TT3-300x300.jpg 300w, https:\/\/obssc.de\/wp-content\/uploads\/2020\/05\/Scan_20200501-TT3-150x150.jpg 150w, https:\/\/obssc.de\/wp-content\/uploads\/2020\/05\/Scan_20200501-TT3-100x100.jpg 100w\" sizes=\"auto, (max-width: 739px) 100vw, 739px\" \/><figcaption class=\"wp-element-caption\">3. Tauschtreffen am 14.07.2001 in Bad K\u00f6stritz (10er Serie, 10 verschiedene Werbemittel auf RS)<\/figcaption><\/figure>\n\n\n\n<figure class=\"wp-block-image size-full\"><img loading=\"lazy\" decoding=\"async\" width=\"720\" height=\"718\" src=\"https:\/\/obssc.de\/wp-content\/uploads\/2020\/05\/Scan_20200502-TT4.jpg\" alt=\"\" class=\"wp-image-419\" srcset=\"https:\/\/obssc.de\/wp-content\/uploads\/2020\/05\/Scan_20200502-TT4.jpg 720w, https:\/\/obssc.de\/wp-content\/uploads\/2020\/05\/Scan_20200502-TT4-300x300.jpg 300w, https:\/\/obssc.de\/wp-content\/uploads\/2020\/05\/Scan_20200502-TT4-150x150.jpg 150w, https:\/\/obssc.de\/wp-content\/uploads\/2020\/05\/Scan_20200502-TT4-100x100.jpg 100w\" sizes=\"auto, (max-width: 720px) 100vw, 720px\" \/><figcaption class=\"wp-element-caption\">4. Tauschtreffen am 08.09.2001 in Greiz (gestempelter Bierdeckel)<\/figcaption><\/figure>\n\n\n\n<figure class=\"wp-block-image size-full\"><img loading=\"lazy\" decoding=\"async\" width=\"743\" height=\"746\" src=\"https:\/\/obssc.de\/wp-content\/uploads\/2020\/05\/Scan_20200501-TT5.jpg\" alt=\"BD TT5\" class=\"wp-image-392\" srcset=\"https:\/\/obssc.de\/wp-content\/uploads\/2020\/05\/Scan_20200501-TT5.jpg 743w, https:\/\/obssc.de\/wp-content\/uploads\/2020\/05\/Scan_20200501-TT5-300x300.jpg 300w, https:\/\/obssc.de\/wp-content\/uploads\/2020\/05\/Scan_20200501-TT5-150x150.jpg 150w, https:\/\/obssc.de\/wp-content\/uploads\/2020\/05\/Scan_20200501-TT5-100x100.jpg 100w\" sizes=\"auto, (max-width: 706px) 89vw, (max-width: 767px) 82vw, 740px\" \/><figcaption class=\"wp-element-caption\">5. Tauschtreffen am 12.07.2003 in Bad K\u00f6stritz (10er Serie, 10 verschiedene Werbemittel auf RS)<\/figcaption><\/figure>\n\n\n\n<figure class=\"wp-block-image size-full\"><img loading=\"lazy\" decoding=\"async\" width=\"723\" height=\"725\" src=\"https:\/\/obssc.de\/wp-content\/uploads\/2020\/05\/Scan_20200502-TT6.jpg\" alt=\"BD TT6\" class=\"wp-image-420\" srcset=\"https:\/\/obssc.de\/wp-content\/uploads\/2020\/05\/Scan_20200502-TT6.jpg 723w, https:\/\/obssc.de\/wp-content\/uploads\/2020\/05\/Scan_20200502-TT6-300x300.jpg 300w, https:\/\/obssc.de\/wp-content\/uploads\/2020\/05\/Scan_20200502-TT6-150x150.jpg 150w, https:\/\/obssc.de\/wp-content\/uploads\/2020\/05\/Scan_20200502-TT6-100x100.jpg 100w\" sizes=\"auto, (max-width: 723px) 100vw, 723px\" \/><figcaption class=\"wp-element-caption\">6. Tauschtreffen am 06.09.2003 in Apolda<\/figcaption><\/figure>\n\n\n\n<figure class=\"wp-block-image size-full\"><img loading=\"lazy\" decoding=\"async\" width=\"750\" height=\"753\" src=\"https:\/\/obssc.de\/wp-content\/uploads\/2020\/05\/Scan_20200502-TT7.jpg\" alt=\"\" class=\"wp-image-421\" srcset=\"https:\/\/obssc.de\/wp-content\/uploads\/2020\/05\/Scan_20200502-TT7.jpg 750w, https:\/\/obssc.de\/wp-content\/uploads\/2020\/05\/Scan_20200502-TT7-300x300.jpg 300w, https:\/\/obssc.de\/wp-content\/uploads\/2020\/05\/Scan_20200502-TT7-150x150.jpg 150w, https:\/\/obssc.de\/wp-content\/uploads\/2020\/05\/Scan_20200502-TT7-100x100.jpg 100w\" sizes=\"auto, (max-width: 706px) 89vw, (max-width: 767px) 82vw, 740px\" \/><figcaption class=\"wp-element-caption\">7. Tauschtreffen am 17.07.2004 in Bad K\u00f6stritz (Deckel mit Druckfehler -&gt; 6. TT)<\/figcaption><\/figure>\n\n\n\n<figure class=\"wp-block-image size-full\"><img loading=\"lazy\" decoding=\"async\" width=\"711\" height=\"712\" src=\"https:\/\/obssc.de\/wp-content\/uploads\/2020\/05\/Scan_20200501-TT8.jpg\" alt=\"\" class=\"wp-image-393\" srcset=\"https:\/\/obssc.de\/wp-content\/uploads\/2020\/05\/Scan_20200501-TT8.jpg 711w, https:\/\/obssc.de\/wp-content\/uploads\/2020\/05\/Scan_20200501-TT8-300x300.jpg 300w, https:\/\/obssc.de\/wp-content\/uploads\/2020\/05\/Scan_20200501-TT8-150x150.jpg 150w, https:\/\/obssc.de\/wp-content\/uploads\/2020\/05\/Scan_20200501-TT8-100x100.jpg 100w\" sizes=\"auto, (max-width: 711px) 100vw, 711px\" \/><figcaption class=\"wp-element-caption\">8. Tauschtreffen am 10.09.2005 in Apolda<\/figcaption><\/figure>\n\n\n\n<figure class=\"wp-block-image size-full\"><img loading=\"lazy\" decoding=\"async\" width=\"751\" height=\"752\" src=\"https:\/\/obssc.de\/wp-content\/uploads\/2020\/05\/Scan_20200502-TT9.jpg\" alt=\"\" class=\"wp-image-422\" srcset=\"https:\/\/obssc.de\/wp-content\/uploads\/2020\/05\/Scan_20200502-TT9.jpg 751w, https:\/\/obssc.de\/wp-content\/uploads\/2020\/05\/Scan_20200502-TT9-300x300.jpg 300w, https:\/\/obssc.de\/wp-content\/uploads\/2020\/05\/Scan_20200502-TT9-150x150.jpg 150w, https:\/\/obssc.de\/wp-content\/uploads\/2020\/05\/Scan_20200502-TT9-100x100.jpg 100w\" sizes=\"auto, (max-width: 706px) 89vw, (max-width: 767px) 82vw, 740px\" \/><figcaption class=\"wp-element-caption\">9. Tauschtreffen am 16.09.2006 in Watzdorf<\/figcaption><\/figure>\n\n\n\n<figure class=\"wp-block-image size-full\"><img loading=\"lazy\" decoding=\"async\" width=\"711\" height=\"712\" src=\"https:\/\/obssc.de\/wp-content\/uploads\/2020\/05\/Scan_20200502-TT10.jpg\" alt=\"\" class=\"wp-image-423\" srcset=\"https:\/\/obssc.de\/wp-content\/uploads\/2020\/05\/Scan_20200502-TT10.jpg 711w, https:\/\/obssc.de\/wp-content\/uploads\/2020\/05\/Scan_20200502-TT10-300x300.jpg 300w, https:\/\/obssc.de\/wp-content\/uploads\/2020\/05\/Scan_20200502-TT10-150x150.jpg 150w, https:\/\/obssc.de\/wp-content\/uploads\/2020\/05\/Scan_20200502-TT10-100x100.jpg 100w\" sizes=\"auto, (max-width: 711px) 100vw, 711px\" \/><figcaption class=\"wp-element-caption\">10. Tauschtreffen am 14.07.2007 in Apolda<\/figcaption><\/figure>\n\n\n\n<figure class=\"wp-block-image size-full\"><img loading=\"lazy\" decoding=\"async\" width=\"747\" height=\"747\" src=\"https:\/\/obssc.de\/wp-content\/uploads\/2020\/05\/Scan_20200502-TT11.jpg\" alt=\"\" class=\"wp-image-424\" srcset=\"https:\/\/obssc.de\/wp-content\/uploads\/2020\/05\/Scan_20200502-TT11.jpg 747w, https:\/\/obssc.de\/wp-content\/uploads\/2020\/05\/Scan_20200502-TT11-300x300.jpg 300w, https:\/\/obssc.de\/wp-content\/uploads\/2020\/05\/Scan_20200502-TT11-150x150.jpg 150w, https:\/\/obssc.de\/wp-content\/uploads\/2020\/05\/Scan_20200502-TT11-100x100.jpg 100w\" sizes=\"auto, (max-width: 706px) 89vw, (max-width: 767px) 82vw, 740px\" \/><figcaption class=\"wp-element-caption\">11. Tauschtreffen am 12.07.2008 in Greiz<\/figcaption><\/figure>\n\n\n\n<figure class=\"wp-block-image size-full\"><img loading=\"lazy\" decoding=\"async\" width=\"740\" height=\"739\" src=\"https:\/\/obssc.de\/wp-content\/uploads\/2020\/05\/Scan_20200501-TT12.jpg\" alt=\"BD TT12\" class=\"wp-image-394\" srcset=\"https:\/\/obssc.de\/wp-content\/uploads\/2020\/05\/Scan_20200501-TT12.jpg 740w, https:\/\/obssc.de\/wp-content\/uploads\/2020\/05\/Scan_20200501-TT12-300x300.jpg 300w, https:\/\/obssc.de\/wp-content\/uploads\/2020\/05\/Scan_20200501-TT12-150x150.jpg 150w, https:\/\/obssc.de\/wp-content\/uploads\/2020\/05\/Scan_20200501-TT12-100x100.jpg 100w\" sizes=\"auto, (max-width: 706px) 89vw, (max-width: 767px) 82vw, 740px\" \/><figcaption class=\"wp-element-caption\">12. Tauschtreffen am 11.07.2009 in Bad K\u00f6stritz (4er Serie)<\/figcaption><\/figure>\n\n\n\n<figure class=\"wp-block-image size-full\"><img loading=\"lazy\" decoding=\"async\" width=\"737\" height=\"736\" src=\"https:\/\/obssc.de\/wp-content\/uploads\/2020\/05\/Scan_20200501-TT13.jpg\" alt=\"\" class=\"wp-image-395\" srcset=\"https:\/\/obssc.de\/wp-content\/uploads\/2020\/05\/Scan_20200501-TT13.jpg 737w, https:\/\/obssc.de\/wp-content\/uploads\/2020\/05\/Scan_20200501-TT13-300x300.jpg 300w, https:\/\/obssc.de\/wp-content\/uploads\/2020\/05\/Scan_20200501-TT13-150x150.jpg 150w, https:\/\/obssc.de\/wp-content\/uploads\/2020\/05\/Scan_20200501-TT13-100x100.jpg 100w\" sizes=\"auto, (max-width: 737px) 100vw, 737px\" \/><figcaption class=\"wp-element-caption\">13. Tauschtreffen am 10.07.2010 in P\u00f6\u00dfneck<\/figcaption><\/figure>\n\n\n\n<figure class=\"wp-block-image size-full\"><img loading=\"lazy\" decoding=\"async\" width=\"742\" height=\"745\" src=\"https:\/\/obssc.de\/wp-content\/uploads\/2020\/05\/Scan_20200501-TT14.jpg\" alt=\"\" class=\"wp-image-396\" srcset=\"https:\/\/obssc.de\/wp-content\/uploads\/2020\/05\/Scan_20200501-TT14.jpg 742w, https:\/\/obssc.de\/wp-content\/uploads\/2020\/05\/Scan_20200501-TT14-300x300.jpg 300w, https:\/\/obssc.de\/wp-content\/uploads\/2020\/05\/Scan_20200501-TT14-150x150.jpg 150w, https:\/\/obssc.de\/wp-content\/uploads\/2020\/05\/Scan_20200501-TT14-100x100.jpg 100w\" sizes=\"auto, (max-width: 706px) 89vw, (max-width: 767px) 82vw, 740px\" \/><figcaption class=\"wp-element-caption\">14. Tauschtreffen am 09.07.2011 in Bad K\u00f6stritz (4er Serie)<\/figcaption><\/figure>\n\n\n\n<figure class=\"wp-block-image size-full\"><img loading=\"lazy\" decoding=\"async\" width=\"1508\" height=\"766\" src=\"https:\/\/obssc.de\/wp-content\/uploads\/2020\/05\/Scan_20200501-TT15.jpg\" alt=\"\" class=\"wp-image-397\" srcset=\"https:\/\/obssc.de\/wp-content\/uploads\/2020\/05\/Scan_20200501-TT15.jpg 1508w, https:\/\/obssc.de\/wp-content\/uploads\/2020\/05\/Scan_20200501-TT15-300x152.jpg 300w, https:\/\/obssc.de\/wp-content\/uploads\/2020\/05\/Scan_20200501-TT15-1024x520.jpg 1024w, https:\/\/obssc.de\/wp-content\/uploads\/2020\/05\/Scan_20200501-TT15-768x390.jpg 768w\" sizes=\"auto, (max-width: 767px) 89vw, (max-width: 1000px) 54vw, (max-width: 1071px) 543px, 580px\" \/><figcaption class=\"wp-element-caption\">15. Tauschtreffen am 07.07.2012 in Apolda<\/figcaption><\/figure>\n\n\n\n<figure class=\"wp-block-image size-full\"><img loading=\"lazy\" decoding=\"async\" width=\"747\" height=\"747\" src=\"https:\/\/obssc.de\/wp-content\/uploads\/2020\/05\/Scan_20200501-TT16.jpg\" alt=\"\" class=\"wp-image-398\" srcset=\"https:\/\/obssc.de\/wp-content\/uploads\/2020\/05\/Scan_20200501-TT16.jpg 747w, https:\/\/obssc.de\/wp-content\/uploads\/2020\/05\/Scan_20200501-TT16-300x300.jpg 300w, https:\/\/obssc.de\/wp-content\/uploads\/2020\/05\/Scan_20200501-TT16-150x150.jpg 150w, https:\/\/obssc.de\/wp-content\/uploads\/2020\/05\/Scan_20200501-TT16-100x100.jpg 100w\" sizes=\"auto, (max-width: 706px) 89vw, (max-width: 767px) 82vw, 740px\" \/><figcaption class=\"wp-element-caption\">16. Tauschtreffen am 06.07.2013 in Bad K\u00f6stritz<\/figcaption><\/figure>\n\n\n\n<figure class=\"wp-block-image size-full\"><img loading=\"lazy\" decoding=\"async\" width=\"736\" height=\"736\" src=\"https:\/\/obssc.de\/wp-content\/uploads\/2020\/05\/Scan_20200501-TT17.jpg\" alt=\"\" class=\"wp-image-399\" srcset=\"https:\/\/obssc.de\/wp-content\/uploads\/2020\/05\/Scan_20200501-TT17.jpg 736w, https:\/\/obssc.de\/wp-content\/uploads\/2020\/05\/Scan_20200501-TT17-300x300.jpg 300w, https:\/\/obssc.de\/wp-content\/uploads\/2020\/05\/Scan_20200501-TT17-150x150.jpg 150w, https:\/\/obssc.de\/wp-content\/uploads\/2020\/05\/Scan_20200501-TT17-100x100.jpg 100w\" sizes=\"auto, (max-width: 736px) 100vw, 736px\" \/><figcaption class=\"wp-element-caption\">17. Tauschtreffen am 05.07.2014 in Bad K\u00f6stritz<\/figcaption><\/figure>\n\n\n\n<figure class=\"wp-block-image size-full\"><img loading=\"lazy\" decoding=\"async\" width=\"744\" height=\"745\" src=\"https:\/\/obssc.de\/wp-content\/uploads\/2020\/05\/Scan_20200501-TT18.jpg\" alt=\"\" class=\"wp-image-400\" srcset=\"https:\/\/obssc.de\/wp-content\/uploads\/2020\/05\/Scan_20200501-TT18.jpg 744w, https:\/\/obssc.de\/wp-content\/uploads\/2020\/05\/Scan_20200501-TT18-300x300.jpg 300w, https:\/\/obssc.de\/wp-content\/uploads\/2020\/05\/Scan_20200501-TT18-150x150.jpg 150w, https:\/\/obssc.de\/wp-content\/uploads\/2020\/05\/Scan_20200501-TT18-100x100.jpg 100w\" sizes=\"auto, (max-width: 706px) 89vw, (max-width: 767px) 82vw, 740px\" \/><figcaption class=\"wp-element-caption\">18. Tauschtreffen am 04.07.2015 in Bad K\u00f6stritz (gestempelter Bierdeckel)<\/figcaption><\/figure>\n\n\n\n<figure class=\"wp-block-image size-full\"><img loading=\"lazy\" decoding=\"async\" width=\"1139\" height=\"1146\" src=\"https:\/\/obssc.de\/wp-content\/uploads\/2020\/05\/Scan_20200501-TT19.jpg\" alt=\"BD TT19\" class=\"wp-image-401\" srcset=\"https:\/\/obssc.de\/wp-content\/uploads\/2020\/05\/Scan_20200501-TT19.jpg 1139w, https:\/\/obssc.de\/wp-content\/uploads\/2020\/05\/Scan_20200501-TT19-298x300.jpg 298w, https:\/\/obssc.de\/wp-content\/uploads\/2020\/05\/Scan_20200501-TT19-1018x1024.jpg 1018w, https:\/\/obssc.de\/wp-content\/uploads\/2020\/05\/Scan_20200501-TT19-150x150.jpg 150w, https:\/\/obssc.de\/wp-content\/uploads\/2020\/05\/Scan_20200501-TT19-768x773.jpg 768w, https:\/\/obssc.de\/wp-content\/uploads\/2020\/05\/Scan_20200501-TT19-100x100.jpg 100w\" sizes=\"auto, (max-width: 767px) 89vw, (max-width: 1000px) 54vw, (max-width: 1071px) 543px, 580px\" \/><figcaption class=\"wp-element-caption\">19. Tauschtreffen am 16.07.2016 in P\u00f6\u00dfneck (gestempelter Bierdeckel, 2 verschiedene RS)<\/figcaption><\/figure>\n\n\n\n<figure class=\"wp-block-image size-full\"><img loading=\"lazy\" decoding=\"async\" width=\"743\" height=\"746\" src=\"https:\/\/obssc.de\/wp-content\/uploads\/2020\/05\/Scan_20200501-TT20.jpg\" alt=\"\" class=\"wp-image-402\" srcset=\"https:\/\/obssc.de\/wp-content\/uploads\/2020\/05\/Scan_20200501-TT20.jpg 743w, https:\/\/obssc.de\/wp-content\/uploads\/2020\/05\/Scan_20200501-TT20-300x300.jpg 300w, https:\/\/obssc.de\/wp-content\/uploads\/2020\/05\/Scan_20200501-TT20-150x150.jpg 150w, https:\/\/obssc.de\/wp-content\/uploads\/2020\/05\/Scan_20200501-TT20-100x100.jpg 100w\" sizes=\"auto, (max-width: 706px) 89vw, (max-width: 767px) 82vw, 740px\" \/><figcaption class=\"wp-element-caption\">20. Tauschtreffen am 15.07.2017 in Bad K\u00f6stritz (d\u00fcnne Pappe)<\/figcaption><\/figure>\n\n\n\n<figure class=\"wp-block-image size-full\"><img loading=\"lazy\" decoding=\"async\" width=\"746\" height=\"747\" src=\"https:\/\/obssc.de\/wp-content\/uploads\/2020\/05\/Scan_20200501-TT21.jpg\" alt=\"\" class=\"wp-image-403\" srcset=\"https:\/\/obssc.de\/wp-content\/uploads\/2020\/05\/Scan_20200501-TT21.jpg 746w, https:\/\/obssc.de\/wp-content\/uploads\/2020\/05\/Scan_20200501-TT21-300x300.jpg 300w, https:\/\/obssc.de\/wp-content\/uploads\/2020\/05\/Scan_20200501-TT21-150x150.jpg 150w, https:\/\/obssc.de\/wp-content\/uploads\/2020\/05\/Scan_20200501-TT21-100x100.jpg 100w\" sizes=\"auto, (max-width: 706px) 89vw, (max-width: 767px) 82vw, 740px\" \/><figcaption class=\"wp-element-caption\">21. Tauschtreffen am 14.07.2018 in Greiz (gestempelter Bierdeckel)<\/figcaption><\/figure>\n\n\n\n<figure class=\"wp-block-image size-full\"><img loading=\"lazy\" decoding=\"async\" width=\"896\" height=\"896\" src=\"https:\/\/obssc.de\/wp-content\/uploads\/2020\/05\/Scan_20200501-TT22.jpg\" alt=\"BD TT22\" class=\"wp-image-404\" srcset=\"https:\/\/obssc.de\/wp-content\/uploads\/2020\/05\/Scan_20200501-TT22.jpg 896w, https:\/\/obssc.de\/wp-content\/uploads\/2020\/05\/Scan_20200501-TT22-300x300.jpg 300w, https:\/\/obssc.de\/wp-content\/uploads\/2020\/05\/Scan_20200501-TT22-150x150.jpg 150w, https:\/\/obssc.de\/wp-content\/uploads\/2020\/05\/Scan_20200501-TT22-768x768.jpg 768w, https:\/\/obssc.de\/wp-content\/uploads\/2020\/05\/Scan_20200501-TT22-100x100.jpg 100w\" sizes=\"auto, (max-width: 767px) 89vw, (max-width: 1000px) 54vw, (max-width: 1071px) 543px, 580px\" \/><figcaption class=\"wp-element-caption\">22. Tauschtreffen am 13.07.2019 in Bad K\u00f6stritz<\/figcaption><\/figure>\n\n\n\n<figure class=\"wp-block-image size-large\"><img loading=\"lazy\" decoding=\"async\" width=\"1024\" height=\"1024\" src=\"https:\/\/obssc.de\/wp-content\/uploads\/2022\/07\/Scan_20220712-1024x1024.jpg\" alt=\"\" class=\"wp-image-593\" srcset=\"https:\/\/obssc.de\/wp-content\/uploads\/2022\/07\/Scan_20220712-1024x1024.jpg 1024w, https:\/\/obssc.de\/wp-content\/uploads\/2022\/07\/Scan_20220712-300x300.jpg 300w, https:\/\/obssc.de\/wp-content\/uploads\/2022\/07\/Scan_20220712-150x150.jpg 150w, https:\/\/obssc.de\/wp-content\/uploads\/2022\/07\/Scan_20220712-768x768.jpg 768w, https:\/\/obssc.de\/wp-content\/uploads\/2022\/07\/Scan_20220712-100x100.jpg 100w, https:\/\/obssc.de\/wp-content\/uploads\/2022\/07\/Scan_20220712.jpg 1293w\" sizes=\"auto, (max-width: 767px) 89vw, (max-width: 1000px) 54vw, (max-width: 1071px) 543px, 580px\" \/><figcaption class=\"wp-element-caption\">23. Tauschtreffen am 09.07.2022 in Apolda<\/figcaption><\/figure>\n\n\n\n<figure class=\"wp-block-image size-full\"><img loading=\"lazy\" decoding=\"async\" width=\"855\" height=\"853\" src=\"https:\/\/obssc.de\/wp-content\/uploads\/2023\/07\/Scan_20230703.jpg\" alt=\"\" class=\"wp-image-668\" srcset=\"https:\/\/obssc.de\/wp-content\/uploads\/2023\/07\/Scan_20230703.jpg 855w, https:\/\/obssc.de\/wp-content\/uploads\/2023\/07\/Scan_20230703-300x300.jpg 300w, https:\/\/obssc.de\/wp-content\/uploads\/2023\/07\/Scan_20230703-150x150.jpg 150w, https:\/\/obssc.de\/wp-content\/uploads\/2023\/07\/Scan_20230703-768x766.jpg 768w, https:\/\/obssc.de\/wp-content\/uploads\/2023\/07\/Scan_20230703-100x100.jpg 100w\" sizes=\"auto, (max-width: 767px) 89vw, (max-width: 1000px) 54vw, (max-width: 1071px) 543px, 580px\" \/><figcaption class=\"wp-element-caption\">24. Tauschtreffen am 01.07.2023 in Bad K\u00f6stritz<\/figcaption><\/figure>\n\n\n\n<figure class=\"wp-block-image size-full\"><img loading=\"lazy\" decoding=\"async\" width=\"853\" height=\"853\" src=\"https:\/\/obssc.de\/wp-content\/uploads\/2024\/07\/Scan_20240706-1.jpg\" alt=\"\" class=\"wp-image-736\" srcset=\"https:\/\/obssc.de\/wp-content\/uploads\/2024\/07\/Scan_20240706-1.jpg 853w, https:\/\/obssc.de\/wp-content\/uploads\/2024\/07\/Scan_20240706-1-300x300.jpg 300w, https:\/\/obssc.de\/wp-content\/uploads\/2024\/07\/Scan_20240706-1-150x150.jpg 150w, https:\/\/obssc.de\/wp-content\/uploads\/2024\/07\/Scan_20240706-1-768x768.jpg 768w, https:\/\/obssc.de\/wp-content\/uploads\/2024\/07\/Scan_20240706-1-100x100.jpg 100w\" sizes=\"auto, (max-width: 767px) 89vw, (max-width: 1000px) 54vw, (max-width: 1071px) 543px, 580px\" \/><figcaption class=\"wp-element-caption\">25. Tauschtreffen am 06.07.2024 in Bad K\u00f6stritz<\/figcaption><\/figure>\n\n\n\n<p><\/p>\n\n\n\n<p class=\"has-small-font-size\"><em>26. Tauschtreffen am 30.08.2025 in Schleifreisen<\/em><\/p>\n\n\n\n<p><\/p>\n\n\n\n<p><\/p>\n\n\n\n<p class=\"has-medium-font-size\">Von einigen dieser Bierdeckel haben wir noch Restbest\u00e4nde.<\/p>\n\n\n\n<p class=\"has-medium-font-size\">Sollten Sie als Sammler Interesse an dem einen oder anderem Exemplar haben, bitte einfach eine kurze Anfrage per Email an&nbsp;<a href=\"mailto:obssc@t-online.de\">obssc@t-online.de&nbsp;<\/a>senden.<\/p>\n","protected":false},"excerpt":{"rendered":"<p>Allj\u00e4hrlich finden in Deutschland sowie im Ausland eine gro\u00dfe Zahl an Tauschtreffen statt. Diese werden von den meisten Sammlerfreunden von Brauereiwerbemitteln gern besucht, um dadurch die eigenen Sammlungen zu vergr\u00f6\u00dfern und gleichzeitig mit anderen Sammlern Erfahrungen und Infomationen auszutauschen. Diese Tauschtreffen werden in der Regel von regionalen Sammlergruppen bzw. auch einzelnen Sammlerfreunden vorbereitet und durchgef\u00fchrt. &hellip; <\/p>\n<p class=\"link-more\"><a href=\"https:\/\/obssc.de\/?page_id=204\" class=\"more-link\"><span class=\"screen-reader-text\">\u201eTauschtreffen\u201c <\/span>weiterlesen<\/a><\/p>\n","protected":false},"author":1,"featured_media":0,"parent":175,"menu_order":0,"comment_status":"closed","ping_status":"closed","template":"","meta":{"footnotes":""},"class_list":["post-204","page","type-page","status-publish","hentry"],"_links":{"self":[{"href":"https:\/\/obssc.de\/index.php?rest_route=\/wp\/v2\/pages\/204","targetHints":{"allow":["GET"]}}],"collection":[{"href":"https:\/\/obssc.de\/index.php?rest_route=\/wp\/v2\/pages"}],"about":[{"href":"https:\/\/obssc.de\/index.php?rest_route=\/wp\/v2\/types\/page"}],"author":[{"embeddable":true,"href":"https:\/\/obssc.de\/index.php?rest_route=\/wp\/v2\/users\/1"}],"replies":[{"embeddable":true,"href":"https:\/\/obssc.de\/index.php?rest_route=%2Fwp%2Fv2%2Fcomments&post=204"}],"version-history":[{"count":17,"href":"https:\/\/obssc.de\/index.php?rest_route=\/wp\/v2\/pages\/204\/revisions"}],"predecessor-version":[{"id":833,"href":"https:\/\/obssc.de\/index.php?rest_route=\/wp\/v2\/pages\/204\/revisions\/833"}],"up":[{"embeddable":true,"href":"https:\/\/obssc.de\/index.php?rest_route=\/wp\/v2\/pages\/175"}],"wp:attachment":[{"href":"https:\/\/obssc.de\/index.php?rest_route=%2Fwp%2Fv2%2Fmedia&parent=204"}],"curies":[{"name":"wp","href":"https:\/\/api.w.org\/{rel}","templated":true}]}}