{"id":2,"date":"2016-05-10T03:48:21","date_gmt":"2016-05-10T03:48:21","guid":{"rendered":"http:\/\/obssc.info\/?page_id=2"},"modified":"2025-02-08T09:26:25","modified_gmt":"2025-02-08T09:26:25","slug":"sample-page","status":"publish","type":"page","link":"https:\/\/obssc.de\/","title":{"rendered":"OBSSC"},"content":{"rendered":"\n<figure class=\"wp-block-image size-large is-style-default\"><img loading=\"lazy\" decoding=\"async\" width=\"1024\" height=\"603\" src=\"https:\/\/obssc.de\/wp-content\/uploads\/2020\/05\/P1190546xGRZ18-1024x603.jpg\" alt=\"\" class=\"wp-image-366\" srcset=\"https:\/\/obssc.de\/wp-content\/uploads\/2020\/05\/P1190546xGRZ18-1024x603.jpg 1024w, https:\/\/obssc.de\/wp-content\/uploads\/2020\/05\/P1190546xGRZ18-300x177.jpg 300w, https:\/\/obssc.de\/wp-content\/uploads\/2020\/05\/P1190546xGRZ18-768x452.jpg 768w, https:\/\/obssc.de\/wp-content\/uploads\/2020\/05\/P1190546xGRZ18-1536x905.jpg 1536w, https:\/\/obssc.de\/wp-content\/uploads\/2020\/05\/P1190546xGRZ18.jpg 1966w\" sizes=\"auto, (max-width: 767px) 89vw, (max-width: 1000px) 54vw, (max-width: 1071px) 543px, 580px\" \/><figcaption class=\"wp-element-caption\">Die Mitglieder des OBSSC im Juli 2018 zum Tauschtreffen in der Vereinsbrauerei Greiz.<\/figcaption><\/figure>\n\n\n\n<p class=\"has-normal-font-size\">Im Herbst des Jahres 2024 konnte der<\/p>\n\n\n\n<p class=\"has-large-font-size\"><strong>Ostth\u00fcringer Brauerei<\/strong> <strong>SouvenirSammlerClub Gera<\/strong><\/p>\n\n\n\n<p class=\"has-normal-font-size\">auf sein 25-j\u00e4hriges Bestehen zur\u00fcckblicken. Die Grundlage daf\u00fcr legten acht Sammlerfreunde aus Gera, Weida und Hermsdorf, die am 25. September 1999 den OBSSC in Weida wieder gr\u00fcndeten, den es in 1970er Jahren zuvor schon einmal f\u00fcr kurze Zeit gegeben hatte. Aktuell betr\u00e4gt die Zahl der Mitglieder 18 Sammlerinnen und Sammler von verschiedenen Brauereiwerbemitteln. Anliegen des OBSSC ist es, im Kreis von Gleichgesinnten der Sammelleidenschaft zu fr\u00f6nen und sich dar\u00fcber hinaus mit Geschichte und Gegenwart speziell des ostth\u00fcringer Brauereiwesens zu besch\u00e4ftigen. Zu diesem Zweck treffen sich die Mitglieder des OBSSC viertelj\u00e4hrlich zur Mitgliederversammlung. Desweiteren ist es das Ziel des Clubs j\u00e4hrlich ein Tauschtreffen in einer Brauerei in Ostth\u00fcringen auszurichten. Materielle Unterst\u00fctzung bei der Durchf\u00fchrung unserer Aktivit\u00e4ten erhalten wir von Anfang an von der <a href=\"http:\/\/www.koestritzer.de\/\">K\u00f6stritzer Schwarzbierbrauerei<\/a>.<\/p>\n\n\n\n<p class=\"has-normal-font-size\">Interessenten an einer Zusammenarbeit mit dem OBSSC oder aktiver Mitgliedschaft in unserem Club k\u00f6nnen gern \u00fcber die E-Mail-Adresse&nbsp;<a href=\"mailto:obssc@t-online.de\"><strong>obssc@t-online.de <\/strong><\/a>mit uns in Verbindung treten.<\/p>\n\n\n\n<p style=\"font-size:16px;text-transform:none\">Der <strong>OBSSC<\/strong> ist inzwischen auch auf <strong>Instagram<\/strong> vertreten &#8211; hier k\u00f6nnt ihr uns gerne unter <strong>obss.c<\/strong> folgen.<\/p>\n\n\n\n<p><\/p>\n","protected":false},"excerpt":{"rendered":"<p>Im Herbst des Jahres 2024 konnte der Ostth\u00fcringer Brauerei SouvenirSammlerClub Gera auf sein 25-j\u00e4hriges Bestehen zur\u00fcckblicken. Die Grundlage daf\u00fcr legten acht Sammlerfreunde aus Gera, Weida und Hermsdorf, die am 25. September 1999 den OBSSC in Weida wieder gr\u00fcndeten, den es in 1970er Jahren zuvor schon einmal f\u00fcr kurze Zeit gegeben hatte. Aktuell betr\u00e4gt die Zahl &hellip; <\/p>\n<p class=\"link-more\"><a href=\"https:\/\/obssc.de\/\" class=\"more-link\"><span class=\"screen-reader-text\">\u201eOBSSC\u201c <\/span>weiterlesen<\/a><\/p>\n","protected":false},"author":1,"featured_media":0,"parent":0,"menu_order":0,"comment_status":"closed","ping_status":"open","template":"","meta":{"footnotes":""},"class_list":["post-2","page","type-page","status-publish","hentry"],"_links":{"self":[{"href":"https:\/\/obssc.de\/index.php?rest_route=\/wp\/v2\/pages\/2","targetHints":{"allow":["GET"]}}],"collection":[{"href":"https:\/\/obssc.de\/index.php?rest_route=\/wp\/v2\/pages"}],"about":[{"href":"https:\/\/obssc.de\/index.php?rest_route=\/wp\/v2\/types\/page"}],"author":[{"embeddable":true,"href":"https:\/\/obssc.de\/index.php?rest_route=\/wp\/v2\/users\/1"}],"replies":[{"embeddable":true,"href":"https:\/\/obssc.de\/index.php?rest_route=%2Fwp%2Fv2%2Fcomments&post=2"}],"version-history":[{"count":12,"href":"https:\/\/obssc.de\/index.php?rest_route=\/wp\/v2\/pages\/2\/revisions"}],"predecessor-version":[{"id":788,"href":"https:\/\/obssc.de\/index.php?rest_route=\/wp\/v2\/pages\/2\/revisions\/788"}],"wp:attachment":[{"href":"https:\/\/obssc.de\/index.php?rest_route=%2Fwp%2Fv2%2Fmedia&parent=2"}],"curies":[{"name":"wp","href":"https:\/\/api.w.org\/{rel}","templated":true}]}}