{"id":185,"date":"2020-03-21T19:59:37","date_gmt":"2020-03-21T19:59:37","guid":{"rendered":"http:\/\/obssc.info\/?page_id=185"},"modified":"2020-05-01T14:44:15","modified_gmt":"2020-05-01T14:44:15","slug":"bierpapst","status":"publish","type":"page","link":"https:\/\/obssc.de\/?page_id=185","title":{"rendered":"Bierpapst"},"content":{"rendered":"\n<p class=\"has-medium-font-size\"><strong>Erlebnisreiche Bier(-Test)tour mit dem Bierpapst<\/strong>&nbsp;&nbsp;<\/p>\n\n\n\n<p><em>&#8211; ein Bericht von Thomas Furche &#8211;<\/em><\/p>\n\n\n\n<p>Einen Teil unseres diesj\u00e4hrigen Urlaubs verbrachten Peter Wolf und ich damit, einige der Wiener Hausbrauereien zu besuchen. Da ich seit Jahren Conrad Seidl &#8211;&nbsp;\u00d6sterreichs bekanntesten Bierkenner (Bierpapst) &#8211;&nbsp;pers\u00f6nlich kenne, stand nat\u00fcrlich auch ein Treffen mit ihm auf dem Programm.<\/p>\n\n\n\n<figure class=\"wp-block-image size-full\"><img loading=\"lazy\" decoding=\"async\" width=\"300\" height=\"217\" src=\"https:\/\/obssc.de\/wp-content\/uploads\/2020\/03\/Egger1.jpg\" alt=\"\" class=\"wp-image-112\"\/><figcaption>Thomas vor der Brauerei Egger<\/figcaption><\/figure>\n\n\n\n<p>Auf dem Weg nach Wien besuchten wir zun\u00e4chst die Brauereien Schloss Eggenberg, Wieselburg, Unterradlberg und Tulln.&nbsp;<\/p>\n\n\n\n<p>In Wien angekommen begaben wir uns zum &#8222;7-Sternbr\u00e4u&#8220;, eine der besten Wiener Adressen in punkto Bier. Dort lie\u00dfen wir uns ein Wiener Helles und ein Prager Dunkles sowie ein M\u00e4rzen munden und haben auch sehr gut gegessen. F\u00fcr uns Sammler war es sehr positiv, dass wir auch noch Etiketten erhielten.<\/p>\n\n\n\n<figure class=\"wp-block-image size-full\"><img loading=\"lazy\" decoding=\"async\" width=\"300\" height=\"186\" src=\"https:\/\/obssc.de\/wp-content\/uploads\/2020\/03\/1516_1.jpg\" alt=\"\" class=\"wp-image-16\"\/><figcaption>1516 Brewing Company<\/figcaption><\/figure>\n\n\n\n<p>Am n\u00e4chsten Tag besuchten wir zun\u00e4chst die &#8222;1516 Brewing Company&#8220;. Durch den Kontakt mit Conrad Seidl konnten wir auch die im Keller des Hauses befindliche Brauerei besuchen. Dabei kamen wir mit dem Braumeister ins Gespr\u00e4ch und verkosteten alle Biere direkt aus dem Lagertank. Es ist schon erstaunlich, welche kreativen Ideen die Mitarbeiter in dieser Hausbrauerei entwickeln. Davon k\u00f6nnte sich so manche deutsche Hausbrauerei eine Scheibe abschneiden.<\/p>\n\n\n\n<figure class=\"wp-block-image size-full\"><img loading=\"lazy\" decoding=\"async\" width=\"291\" height=\"335\" src=\"https:\/\/obssc.de\/wp-content\/uploads\/2020\/05\/Eti-Kadlez.jpg\" alt=\"Etikett der Kadlez-Br\u00e4u\" class=\"wp-image-415\" srcset=\"https:\/\/obssc.de\/wp-content\/uploads\/2020\/05\/Eti-Kadlez.jpg 291w, https:\/\/obssc.de\/wp-content\/uploads\/2020\/05\/Eti-Kadlez-261x300.jpg 261w\" sizes=\"auto, (max-width: 291px) 100vw, 291px\" \/><figcaption>Etikett der Kadlez-Br\u00e4u<\/figcaption><\/figure>\n\n\n\n<p>Am Abend trafen wir uns dann im &#8222;Kadlez-Br\u00e4u&#8220;, einer kleinen, aber sehr feinen Hausbrauerei an der Peripherie Wiens. Auch dort gibt es einen sehr kreativen Braumeister. Obwohl der Mietvertrag f\u00fcr das Geb\u00e4ude ausl\u00e4uft, hat er sehr viele gute Ideen f\u00fcr die Zukunft. Gegenw\u00e4rtig sucht er ein neues Objekt, wo er diese verwirklichen kann.<\/p>\n\n\n\n<p>Am n\u00e4chsten Tag besuchten wir die Lichtenthaler Hausbrauerei im 9. Bezirk, die seit etwa zwei Jahren existiert. Auch hier werden sehr innovative Biere gebraut. Neben einem Hellen und einem Lager gibt es immer Spezialit\u00e4ten wie ein Black IPA (Indian Pale Ale), ein Porter, ein Belgian Style Dark Strong Ale, ein Red Lager usw. Diese Gasthausbrauerei wird sehr viel von Studenten besucht, deshalb waren hier die Preise angenehm moderat.<\/p>\n\n\n\n<p>&nbsp;Im Rahmen unseres Wien-Aufenthaltes besuchten wir au\u00dferdem noch die Brauereien &#8222;Salm-Br\u00e4u&#8220;, &#8222;Wieden-Br\u00e4u&#8220;,&#8220; Hackl-Br\u00e4u&#8220;, &#8222;Fischerbr\u00e4u&#8220;, die &#8222;Hausbrauerei Highl\u00e4nder&#8220; sowie die &#8222;Stadtbrauerei Schwarzenberg&#8220;, so dass wir insgesamt zehn verschiedenen Brauereien einen Besuch abstatteten. Im Ergebnis dessen stellten wir fest, dass alle Biere der Wiener Hausbrauereien einen hohen Standard aufwiesen und durchweg wohlschmeckend waren.<\/p>\n\n\n\n<figure class=\"wp-block-image size-full\"><img loading=\"lazy\" decoding=\"async\" width=\"300\" height=\"246\" src=\"https:\/\/obssc.de\/wp-content\/uploads\/2020\/03\/k-Hackl_Br_u_Bierpabst.jpg\" alt=\"\" class=\"wp-image-20\"\/><figcaption>Der Bierpapst beim Biertest im Hackl-Br\u00e4u<\/figcaption><\/figure>\n\n\n\n<p>Als besonderes Highlight arrangierte Bierpapst Conrad Seidl f\u00fcr uns auch einen Besuch in der Brauerei Schwechat. Diese Brauerei produziert nur noch Dosenbier, und das f\u00fcr mehrere Brauereien \u00d6sterreichs. Wir erhielten dort eine sehr interessante Brauereif\u00fchrung.<\/p>\n\n\n\n<p>Als wir nach einer erlebnisreichen Woche wieder die R\u00fcckreise antraten, besuchten wir noch die Brauereien in Hainfeld und Zipf.<\/p>\n\n\n\n<p>Wir werden bestimmt nicht die einzigen gewesen sein, die feststellten, dass ein Besuch Wiens und seiner zahlreichen Hausbrauereien ein unvergessliches Erlebnis und nur weiter zu empfehlen ist.<\/p>\n","protected":false},"excerpt":{"rendered":"<p>Erlebnisreiche Bier(-Test)tour mit dem Bierpapst&nbsp;&nbsp; &#8211; ein Bericht von Thomas Furche &#8211; Einen Teil unseres diesj\u00e4hrigen Urlaubs verbrachten Peter Wolf und ich damit, einige der Wiener Hausbrauereien zu besuchen. Da ich seit Jahren Conrad Seidl &#8211;&nbsp;\u00d6sterreichs bekanntesten Bierkenner (Bierpapst) &#8211;&nbsp;pers\u00f6nlich kenne, stand nat\u00fcrlich auch ein Treffen mit ihm auf dem Programm. Auf dem Weg nach &hellip; <\/p>\n<p class=\"link-more\"><a href=\"https:\/\/obssc.de\/?page_id=185\" class=\"more-link\"><span class=\"screen-reader-text\">\u201eBierpapst\u201c <\/span>weiterlesen<\/a><\/p>\n","protected":false},"author":1,"featured_media":0,"parent":179,"menu_order":0,"comment_status":"closed","ping_status":"closed","template":"","meta":{"footnotes":""},"class_list":["post-185","page","type-page","status-publish","hentry"],"_links":{"self":[{"href":"https:\/\/obssc.de\/index.php?rest_route=\/wp\/v2\/pages\/185","targetHints":{"allow":["GET"]}}],"collection":[{"href":"https:\/\/obssc.de\/index.php?rest_route=\/wp\/v2\/pages"}],"about":[{"href":"https:\/\/obssc.de\/index.php?rest_route=\/wp\/v2\/types\/page"}],"author":[{"embeddable":true,"href":"https:\/\/obssc.de\/index.php?rest_route=\/wp\/v2\/users\/1"}],"replies":[{"embeddable":true,"href":"https:\/\/obssc.de\/index.php?rest_route=%2Fwp%2Fv2%2Fcomments&post=185"}],"version-history":[{"count":4,"href":"https:\/\/obssc.de\/index.php?rest_route=\/wp\/v2\/pages\/185\/revisions"}],"predecessor-version":[{"id":416,"href":"https:\/\/obssc.de\/index.php?rest_route=\/wp\/v2\/pages\/185\/revisions\/416"}],"up":[{"embeddable":true,"href":"https:\/\/obssc.de\/index.php?rest_route=\/wp\/v2\/pages\/179"}],"wp:attachment":[{"href":"https:\/\/obssc.de\/index.php?rest_route=%2Fwp%2Fv2%2Fmedia&parent=185"}],"curies":[{"name":"wp","href":"https:\/\/api.w.org\/{rel}","templated":true}]}}