{"id":181,"date":"2020-03-21T19:57:57","date_gmt":"2020-03-21T19:57:57","guid":{"rendered":"http:\/\/obssc.info\/?page_id=181"},"modified":"2020-04-30T12:17:25","modified_gmt":"2020-04-30T12:17:25","slug":"luxemburg","status":"publish","type":"page","link":"https:\/\/obssc.de\/?page_id=181","title":{"rendered":"Luxemburg"},"content":{"rendered":"\n<p class=\"has-medium-font-size\"><strong>Internationale Tauschb\u00f6rse in Moutfort\/Luxemburg<\/strong><strong><\/strong><\/p>\n\n\n\n<figure class=\"wp-block-image size-full\"><img loading=\"lazy\" decoding=\"async\" width=\"400\" height=\"172\" src=\"https:\/\/obssc.de\/wp-content\/uploads\/2020\/03\/SL371006x.jpg\" alt=\"\" class=\"wp-image-70\" srcset=\"https:\/\/obssc.de\/wp-content\/uploads\/2020\/03\/SL371006x.jpg 400w, https:\/\/obssc.de\/wp-content\/uploads\/2020\/03\/SL371006x-300x129.jpg 300w\" sizes=\"auto, (max-width: 400px) 100vw, 400px\" \/><figcaption>Banner zum Tauschtreffen<\/figcaption><\/figure>\n\n\n\n<p>Neun Mitglieder des OBSSC besuchten am 12. Juni 2010 die internationale Tauschb\u00f6rse in Moutfort (Luxemburg), die im Rahmen des Bierfestes stattfand. Veranstalter war der &#8222;<a href=\"http:\/\/www.cervoise.lu\/\">Les Amis de la Cervaise<\/a>&#8222;. Ein &#8222;Heimspiel&#8220; hingegen war es f\u00fcr unser Mitglied Michael Sch\u00fctz, der schon einige Zeit in Luxemburg lebt. So konnten wir auch wieder einmal pers\u00f6nlich mit ihm reden.<\/p>\n\n\n\n<figure class=\"wp-block-image size-full\"><img loading=\"lazy\" decoding=\"async\" width=\"400\" height=\"190\" src=\"https:\/\/obssc.de\/wp-content\/uploads\/2020\/03\/SL371010x.jpg\" alt=\"\" class=\"wp-image-146\" srcset=\"https:\/\/obssc.de\/wp-content\/uploads\/2020\/03\/SL371010x.jpg 400w, https:\/\/obssc.de\/wp-content\/uploads\/2020\/03\/SL371010x-300x143.jpg 300w\" sizes=\"auto, (max-width: 400px) 100vw, 400px\" \/><figcaption>Tauschgeschehen in der Sporthalle<\/figcaption><\/figure>\n\n\n\n<p>Obwohl wir immerhin rund 550 km zur\u00fcckgelegt hatten, waren wir keinesfalls die am weitesten angereisten Sammler. Diese kamen beispielsweise aus Argentinien, Brasilien, Wei\u00dfrussland und der Slowakei.&nbsp;<\/p>\n\n\n\n<figure class=\"wp-block-image size-full\"><img loading=\"lazy\" decoding=\"async\" width=\"391\" height=\"400\" src=\"https:\/\/obssc.de\/wp-content\/uploads\/2020\/03\/SL371015x.jpg\" alt=\"\" class=\"wp-image-143\" srcset=\"https:\/\/obssc.de\/wp-content\/uploads\/2020\/03\/SL371015x.jpg 391w, https:\/\/obssc.de\/wp-content\/uploads\/2020\/03\/SL371015x-293x300.jpg 293w\" sizes=\"auto, (max-width: 391px) 100vw, 391px\" \/><figcaption>Bernd Coppi und Luc Donckel (r.)<\/figcaption><\/figure>\n\n\n\n<p>Zu einer herzlichen Begegenung kam es mit dem Chef des Veranstalter-Clubs, Luc Donckel. Nat\u00fcrlich nutzten wir unseren mehrt\u00e4gigen Aufenthalt im Saarland und Rheinland-Pfalz auch um unter anderem in den Gasthausbrauereien in Mettlach, Mannebach oder auch Trier die dortigen Biere zu verkosten.\u00a0<\/p>\n\n\n\n<figure class=\"wp-block-image size-full\"><img loading=\"lazy\" decoding=\"async\" width=\"400\" height=\"400\" src=\"https:\/\/obssc.de\/wp-content\/uploads\/2020\/03\/SL370957x.jpg\" alt=\"\" class=\"wp-image-145\" srcset=\"https:\/\/obssc.de\/wp-content\/uploads\/2020\/03\/SL370957x.jpg 400w, https:\/\/obssc.de\/wp-content\/uploads\/2020\/03\/SL370957x-300x300.jpg 300w, https:\/\/obssc.de\/wp-content\/uploads\/2020\/03\/SL370957x-150x150.jpg 150w, https:\/\/obssc.de\/wp-content\/uploads\/2020\/03\/SL370957x-100x100.jpg 100w\" sizes=\"auto, (max-width: 400px) 100vw, 400px\" \/><figcaption>im AbteiBr\u00e4u Mettlach<\/figcaption><\/figure>\n\n\n\n<p>Auch wenn das Tauschtreffen f\u00fcr Etikettensammler nicht unbedingt erfolgreich war, konnten wir viele Sammler kennenlernen, die auf den von uns ansonsten besuchten Tauschtreffen nicht anzutreffen sind.&nbsp;<\/p>\n\n\n\n<figure class=\"wp-block-image size-full\"><img loading=\"lazy\" decoding=\"async\" width=\"400\" height=\"281\" src=\"https:\/\/obssc.de\/wp-content\/uploads\/2020\/03\/SL371012x.jpg\" alt=\"\" class=\"wp-image-97\" srcset=\"https:\/\/obssc.de\/wp-content\/uploads\/2020\/03\/SL371012x.jpg 400w, https:\/\/obssc.de\/wp-content\/uploads\/2020\/03\/SL371012x-300x211.jpg 300w\" sizes=\"auto, (max-width: 400px) 100vw, 400px\" \/><figcaption>Mitglieder des OBSSC beim Tauschtreffen<\/figcaption><\/figure>\n","protected":false},"excerpt":{"rendered":"<p>Internationale Tauschb\u00f6rse in Moutfort\/Luxemburg Neun Mitglieder des OBSSC besuchten am 12. Juni 2010 die internationale Tauschb\u00f6rse in Moutfort (Luxemburg), die im Rahmen des Bierfestes stattfand. Veranstalter war der &#8222;Les Amis de la Cervaise&#8222;. Ein &#8222;Heimspiel&#8220; hingegen war es f\u00fcr unser Mitglied Michael Sch\u00fctz, der schon einige Zeit in Luxemburg lebt. So konnten wir auch wieder &hellip; <\/p>\n<p class=\"link-more\"><a href=\"https:\/\/obssc.de\/?page_id=181\" class=\"more-link\"><span class=\"screen-reader-text\">\u201eLuxemburg\u201c <\/span>weiterlesen<\/a><\/p>\n","protected":false},"author":1,"featured_media":0,"parent":179,"menu_order":0,"comment_status":"closed","ping_status":"closed","template":"","meta":{"footnotes":""},"class_list":["post-181","page","type-page","status-publish","hentry"],"_links":{"self":[{"href":"https:\/\/obssc.de\/index.php?rest_route=\/wp\/v2\/pages\/181","targetHints":{"allow":["GET"]}}],"collection":[{"href":"https:\/\/obssc.de\/index.php?rest_route=\/wp\/v2\/pages"}],"about":[{"href":"https:\/\/obssc.de\/index.php?rest_route=\/wp\/v2\/types\/page"}],"author":[{"embeddable":true,"href":"https:\/\/obssc.de\/index.php?rest_route=\/wp\/v2\/users\/1"}],"replies":[{"embeddable":true,"href":"https:\/\/obssc.de\/index.php?rest_route=%2Fwp%2Fv2%2Fcomments&post=181"}],"version-history":[{"count":4,"href":"https:\/\/obssc.de\/index.php?rest_route=\/wp\/v2\/pages\/181\/revisions"}],"predecessor-version":[{"id":346,"href":"https:\/\/obssc.de\/index.php?rest_route=\/wp\/v2\/pages\/181\/revisions\/346"}],"up":[{"embeddable":true,"href":"https:\/\/obssc.de\/index.php?rest_route=\/wp\/v2\/pages\/179"}],"wp:attachment":[{"href":"https:\/\/obssc.de\/index.php?rest_route=%2Fwp%2Fv2%2Fmedia&parent=181"}],"curies":[{"name":"wp","href":"https:\/\/api.w.org\/{rel}","templated":true}]}}