{"id":175,"date":"2020-03-21T19:54:24","date_gmt":"2020-03-21T19:54:24","guid":{"rendered":"http:\/\/obssc.info\/?page_id=175"},"modified":"2020-04-30T09:04:44","modified_gmt":"2020-04-30T09:04:44","slug":"club-aktivitaeten","status":"publish","type":"page","link":"https:\/\/obssc.de\/?page_id=175","title":{"rendered":"Club-Aktivit\u00e4ten"},"content":{"rendered":"\n<figure class=\"wp-block-image size-large\"><img loading=\"lazy\" decoding=\"async\" width=\"500\" height=\"297\" src=\"https:\/\/obssc.de\/wp-content\/uploads\/2020\/04\/IMG_1499xx.jpg\" alt=\"\" class=\"wp-image-294\" srcset=\"https:\/\/obssc.de\/wp-content\/uploads\/2020\/04\/IMG_1499xx.jpg 500w, https:\/\/obssc.de\/wp-content\/uploads\/2020\/04\/IMG_1499xx-300x178.jpg 300w\" sizes=\"auto, (max-width: 500px) 100vw, 500px\" \/><figcaption>Die Mitglieder des OBSSC zum 20. Tauschtreffen am 15. Juli 2017<br><\/figcaption><\/figure>\n\n\n\n<p><\/p>\n\n\n\n<p>Die Mitglieder des OBSSC treffen sich viermal im Jahr zu ihren Club-Zusammenk\u00fcnften. Nach der Neugr\u00fcndung und der folgenden ersten Mitgliederversammlung in Weida, fanden die weiteren Quartalstreffen stets in Gera statt. Ein richtiges &#8222;Stammlokal&#8220; war uns hier allerdings bis zum heutigen Tag nicht verg\u00f6nnt. Aus verschiedensten Gr\u00fcnden waren wir regelm\u00e4\u00dfig zum Wechseln der Lokalit\u00e4t gezwungen. So auch zum Ende des Jahres 2017. Die Betreiber der Gastst\u00e4tte &#8222;Riebecks Braust\u00fcbl&#8220; in der Braustra\u00dfe in Gera-Pforten haben im September 2017 aus altersgr\u00fcnden ihre T\u00e4tigkeit aufgegeben. Somit fiel f\u00fcr uns abermals eine \u00d6rtlichkeit weg. Das ehemalige Verwaltungsgeb\u00e4ude ist die einzige Baulichkeit, die von der Geraer Riebeck-Brauerei \u00fcbriggeblieben ist, und wird somit noch weiter in Vergessenheit geraten. Nach einem kurzen Intermezzo in Gera-Zw\u00f6tzen haben wir seit Anfang des Jahres wieder eine neue Lokalit\u00e4t, diesmal in der Innenstadt. Die Gastst\u00e4tte &#8222;Franks Burger-Licious&#8220; im S\u00e4chsischen Bahnhof k\u00f6nnte nun endlich unsere neue feste und langfristige Adresse f\u00fcr die Zusammenk\u00fcnfte werden.<\/p>\n\n\n\n<p>Unsere Mitgliederversammlungen nutzen wir vor allen Dingen dazu Club-Aktivit\u00e4ten wie Tauschtreffen, Ausfahrten und Pr\u00e4sentationen vorzubereiten. Im Anschluss an den offiziellen Teil der Zusammenk\u00fcnfte wechseln auch immer diverse Brauereiwerbemittel ihre Besitzer. Dar\u00fcber hinaus werden neue Informationen aus der Brauerei-Landschaft Deutschlands und speziell Th\u00fcringens ausgetauscht.<\/p>\n","protected":false},"excerpt":{"rendered":"<p>Die Mitglieder des OBSSC treffen sich viermal im Jahr zu ihren Club-Zusammenk\u00fcnften. Nach der Neugr\u00fcndung und der folgenden ersten Mitgliederversammlung in Weida, fanden die weiteren Quartalstreffen stets in Gera statt. Ein richtiges &#8222;Stammlokal&#8220; war uns hier allerdings bis zum heutigen Tag nicht verg\u00f6nnt. Aus verschiedensten Gr\u00fcnden waren wir regelm\u00e4\u00dfig zum Wechseln der Lokalit\u00e4t gezwungen. So &hellip; <\/p>\n<p class=\"link-more\"><a href=\"https:\/\/obssc.de\/?page_id=175\" class=\"more-link\"><span class=\"screen-reader-text\">\u201eClub-Aktivit\u00e4ten\u201c <\/span>weiterlesen<\/a><\/p>\n","protected":false},"author":1,"featured_media":0,"parent":0,"menu_order":0,"comment_status":"closed","ping_status":"closed","template":"","meta":{"footnotes":""},"class_list":["post-175","page","type-page","status-publish","hentry"],"_links":{"self":[{"href":"https:\/\/obssc.de\/index.php?rest_route=\/wp\/v2\/pages\/175","targetHints":{"allow":["GET"]}}],"collection":[{"href":"https:\/\/obssc.de\/index.php?rest_route=\/wp\/v2\/pages"}],"about":[{"href":"https:\/\/obssc.de\/index.php?rest_route=\/wp\/v2\/types\/page"}],"author":[{"embeddable":true,"href":"https:\/\/obssc.de\/index.php?rest_route=\/wp\/v2\/users\/1"}],"replies":[{"embeddable":true,"href":"https:\/\/obssc.de\/index.php?rest_route=%2Fwp%2Fv2%2Fcomments&post=175"}],"version-history":[{"count":5,"href":"https:\/\/obssc.de\/index.php?rest_route=\/wp\/v2\/pages\/175\/revisions"}],"predecessor-version":[{"id":297,"href":"https:\/\/obssc.de\/index.php?rest_route=\/wp\/v2\/pages\/175\/revisions\/297"}],"wp:attachment":[{"href":"https:\/\/obssc.de\/index.php?rest_route=%2Fwp%2Fv2%2Fmedia&parent=175"}],"curies":[{"name":"wp","href":"https:\/\/api.w.org\/{rel}","templated":true}]}}