{"id":173,"date":"2020-03-21T19:53:14","date_gmt":"2020-03-21T19:53:14","guid":{"rendered":"http:\/\/obssc.info\/?page_id=173"},"modified":"2025-11-29T17:34:38","modified_gmt":"2025-11-29T17:34:38","slug":"mitglieder","status":"publish","type":"page","link":"https:\/\/obssc.de\/?page_id=173","title":{"rendered":"Mitglieder"},"content":{"rendered":"\n<p class=\"has-medium-font-size\"><strong>Die OBSSC-Mitglieder und ihre Sammelgebiete<\/strong><\/p>\n\n\n\n<p><strong>Coppi, Bernd<\/strong>&nbsp;<br>Bierdeckel (ostdeutsch &amp; DDR, Tauschtag), Kronkorken (ostdeutsch), Etiketten (BEL, DK, NOR, CH, AUT, GB &amp; Festbier)<\/p>\n\n\n\n<p><strong>Coppi, Mario&nbsp;&nbsp;<\/strong><br>Etiketten (deutsch), Brauerei-Fotos, Brauerei-Post<\/p>\n\n\n\n<p><strong>Dorrer, Peter<\/strong><br>Pilsdeckchen, Etiketten (-ator, CZ, SVK), Altgl\u00e4ser &amp; K\u00f6lschgl\u00e4ser, Bierkr\u00fcge, Bierdeckel (Tauschtag), Kellnerbl\u00f6cke<br>Telefon: 036603\/ 41034<br>07570 Weida, Quellenstra\u00dfe 5<\/p>\n\n\n\n<p><strong>Dorrer, Renate<\/strong><br>Brauerei-Kugelschreiber<br>Telefon: 036603\/ 41034<br>07570 Weida, Quellenstra\u00dfe 5<\/p>\n\n\n\n<p><strong>Gr\u00e4bner, Manfred<\/strong><br>Etiketten (Bad K\u00f6stritz, Riebeck Gera, Jena), Bierdeckel (Th\u00fcringen, Oberfranken)<br>07551 Gera, Robert-F\u00fcrbringer-Stra\u00dfe 4<\/p>\n\n\n\n<p><strong>Gro\u00dfe, Tilo&nbsp;<\/strong><em>&#8211;&nbsp; Mitglied im Vorstand<\/em><br>(fast) alles von der K\u00f6stritzer Brauerei<br>Telefon: 0172\/ 8116883<\/p>\n\n\n\n<p><strong>Kautz,&nbsp;Karin<\/strong><\/p>\n\n\n\n<p><strong>Kr\u00fcger, Armin<\/strong><br>alles von Geraer Brauereien, Biermarken<br><a href=\"mailto:krueger.armin@t-online.de\">krueger.armin@t-online.de<\/a><\/p>\n\n\n\n<p><strong>Legler, Lutz<\/strong><br>(fast) alle Werbemittel von ostdeutschen Brauereien<\/p>\n\n\n\n<p><strong>Schmidt, Simone&nbsp;&nbsp;<\/strong><em>&#8211;&nbsp; Mitglied im Vorstand, Chronistin<\/em><br>Kartenspiele<br><a href=\"mailto:Simone.Schmidt.Gera@web.de\">Simone.Schmidt.Gera@web.de<\/a><\/p>\n\n\n\n<p><strong>Teichmann, Hartmut<\/strong><br>Kartenspiele&nbsp;<\/p>\n\n\n\n<p><strong><strong>Trommer, Nicole<\/strong><\/strong><em>  &#8211; &nbsp;Mitglied im Vorstand<\/em><br>Brauerei-Ansichtskarten&nbsp;<br><a href=\"mailto:nicole-trommer@web.de\">nicole-trommer@web.de<\/a><br>Telefon: 0151\/ 18966859<br><\/p>\n\n\n\n<p><strong>Wolf, Peter<\/strong><br>Etiketten<br><a href=\"mailto:peterwolfpn@hotmail.de\">peterwolfpn@hotmail.de<\/a><br>07381 P\u00f6\u00dfneck, Querstra\u00dfe 2<\/p>\n\n\n\n<p><br>Eine Kontakt-Aufnahme mit den OBSSC-Mitgliedern ist \u00fcber die eigenen Daten m\u00f6glich.<\/p>\n\n\n\n<p><\/p>\n\n\n\n<p>Wenn diese nicht genannt sind, dann bitte \u00fcber&nbsp;<a href=\"mailto:obssc@t-online.de\">obssc@t-online.de<\/a>&nbsp;, wo die Anfrage dann weitergeleitet wird.<\/p>\n\n\n\n<p><\/p>\n","protected":false},"excerpt":{"rendered":"<p>Die OBSSC-Mitglieder und ihre Sammelgebiete Coppi, Bernd&nbsp;Bierdeckel (ostdeutsch &amp; DDR, Tauschtag), Kronkorken (ostdeutsch), Etiketten (BEL, DK, NOR, CH, AUT, GB &amp; Festbier) Coppi, Mario&nbsp;&nbsp;Etiketten (deutsch), Brauerei-Fotos, Brauerei-Post Dorrer, PeterPilsdeckchen, Etiketten (-ator, CZ, SVK), Altgl\u00e4ser &amp; K\u00f6lschgl\u00e4ser, Bierkr\u00fcge, Bierdeckel (Tauschtag), Kellnerbl\u00f6ckeTelefon: 036603\/ 4103407570 Weida, Quellenstra\u00dfe 5 Dorrer, RenateBrauerei-KugelschreiberTelefon: 036603\/ 4103407570 Weida, Quellenstra\u00dfe 5 Gr\u00e4bner, ManfredEtiketten (Bad &hellip; <\/p>\n<p class=\"link-more\"><a href=\"https:\/\/obssc.de\/?page_id=173\" class=\"more-link\"><span class=\"screen-reader-text\">\u201eMitglieder\u201c <\/span>weiterlesen<\/a><\/p>\n","protected":false},"author":1,"featured_media":0,"parent":0,"menu_order":0,"comment_status":"closed","ping_status":"closed","template":"","meta":{"footnotes":""},"class_list":["post-173","page","type-page","status-publish","hentry"],"_links":{"self":[{"href":"https:\/\/obssc.de\/index.php?rest_route=\/wp\/v2\/pages\/173","targetHints":{"allow":["GET"]}}],"collection":[{"href":"https:\/\/obssc.de\/index.php?rest_route=\/wp\/v2\/pages"}],"about":[{"href":"https:\/\/obssc.de\/index.php?rest_route=\/wp\/v2\/types\/page"}],"author":[{"embeddable":true,"href":"https:\/\/obssc.de\/index.php?rest_route=\/wp\/v2\/users\/1"}],"replies":[{"embeddable":true,"href":"https:\/\/obssc.de\/index.php?rest_route=%2Fwp%2Fv2%2Fcomments&post=173"}],"version-history":[{"count":11,"href":"https:\/\/obssc.de\/index.php?rest_route=\/wp\/v2\/pages\/173\/revisions"}],"predecessor-version":[{"id":853,"href":"https:\/\/obssc.de\/index.php?rest_route=\/wp\/v2\/pages\/173\/revisions\/853"}],"wp:attachment":[{"href":"https:\/\/obssc.de\/index.php?rest_route=%2Fwp%2Fv2%2Fmedia&parent=173"}],"curies":[{"name":"wp","href":"https:\/\/api.w.org\/{rel}","templated":true}]}}