{"id":170,"date":"2020-03-21T19:51:51","date_gmt":"2020-03-21T19:51:51","guid":{"rendered":"http:\/\/obssc.info\/?page_id=170"},"modified":"2025-09-23T14:50:42","modified_gmt":"2025-09-23T14:50:42","slug":"aktuelles","status":"publish","type":"page","link":"https:\/\/obssc.de\/?page_id=170","title":{"rendered":"Aktuelles"},"content":{"rendered":"\n<p class=\"has-medium-font-size\"><strong>26. Tauschtreffen des Ostth\u00fcringer BrauereiSouvenirSammlerClubs<br><\/strong><\/p>\n\n\n\n<p>Am 30. August 2025 war es wieder soweit, unser Tauschtreffen stand auf dem Programm. Nicht nur das wir von unserem fast schon traditionellen Termin Anfang Juli abgewichen sind, so haben wir diesmal auch eine neue \u00d6rtlichkeit gefunden.<\/p>\n\n\n\n<p>Ziel des inzwischen 26. OBSSC-Tauschtreffens war der Brauereigasthof Ziegenm\u00fchle in Schleifreisen, gelegen im idyllischen Zeitzgrund. Ab dem Jahr 2014 wurde die Ziegenm\u00fchle von Grund auf saniert und konnte 2017 inklusive eigener Brauerei als Gastst\u00e4tte und Pension er\u00f6ffnen.<\/p>\n\n\n<div class=\"wp-block-image\">\n<figure class=\"aligncenter size-large is-resized\"><img decoding=\"async\" src=\"https:\/\/www.ziegenmuehle.de\/images\/2020\/05\/icon-ziegenmuehle-logo.jpg\" alt=\"\" style=\"width:213px;height:auto\"\/><\/figure>\n<\/div>\n\n\n<p>Bei sch\u00f6nem Wetter aber noch frischen Temperaturen konnten wir schon etwas vor 9 Uhr das Tauschtreffen er\u00f6ffnen. Gro\u00df vorzubereiten gab es nichts &#8211; die Tische wurden bereits durch die Mitarbeiter der Ziegenm\u00fchle aufgestellt. Oder anders gesagt, da wir im Biergarten etwas Platz bekommen haben, stehen die Tische dort ohnehin. Schnell fanden sich die ersten Sammler an den Tischen ein. Die Kennzeichen der Autos waren vorrangig aus den drei mitteldeutschen Bundesl\u00e4ndern. Aber auch altbekannte Berliner verlaufen sich immer wieder gerne zu unseren Tauschtreffen. Kurzum, es sind doch immer wieder die gleichen bekannten Gesichter bei unseren Tauschtreffen. Was aber auch nicht schlimm ist, somit ist es irgendwie immer recht famili\u00e4r und nett.<\/p>\n\n\n\n<figure class=\"wp-block-image size-large\"><img loading=\"lazy\" decoding=\"async\" width=\"1024\" height=\"768\" src=\"https:\/\/obssc.de\/wp-content\/uploads\/2025\/09\/IMG_2377-1024x768.jpeg\" alt=\"\" class=\"wp-image-841\" srcset=\"https:\/\/obssc.de\/wp-content\/uploads\/2025\/09\/IMG_2377-1024x768.jpeg 1024w, https:\/\/obssc.de\/wp-content\/uploads\/2025\/09\/IMG_2377-300x225.jpeg 300w, https:\/\/obssc.de\/wp-content\/uploads\/2025\/09\/IMG_2377-768x576.jpeg 768w, https:\/\/obssc.de\/wp-content\/uploads\/2025\/09\/IMG_2377-1536x1152.jpeg 1536w, https:\/\/obssc.de\/wp-content\/uploads\/2025\/09\/IMG_2377.jpeg 2048w\" sizes=\"auto, (max-width: 767px) 89vw, (max-width: 1000px) 54vw, (max-width: 1071px) 543px, 580px\" \/><\/figure>\n\n\n\n<p>Eine kleine aber feine Er\u00f6ffnungsrede hielt der Chef der Ziegenm\u00fchle, Jens Adomat. Neben Informationen zur Ziegenm\u00fchle und allerlei Wissenswertem konnten die Sammler bei ihm auch aktuelle Werbemittel erwerben.<\/p>\n\n\n\n<figure class=\"wp-block-image size-large\"><img loading=\"lazy\" decoding=\"async\" width=\"1024\" height=\"768\" src=\"https:\/\/obssc.de\/wp-content\/uploads\/2025\/09\/IMG_2375-1024x768.jpeg\" alt=\"\" class=\"wp-image-842\" srcset=\"https:\/\/obssc.de\/wp-content\/uploads\/2025\/09\/IMG_2375-1024x768.jpeg 1024w, https:\/\/obssc.de\/wp-content\/uploads\/2025\/09\/IMG_2375-300x225.jpeg 300w, https:\/\/obssc.de\/wp-content\/uploads\/2025\/09\/IMG_2375-768x576.jpeg 768w, https:\/\/obssc.de\/wp-content\/uploads\/2025\/09\/IMG_2375-1536x1152.jpeg 1536w, https:\/\/obssc.de\/wp-content\/uploads\/2025\/09\/IMG_2375.jpeg 2048w\" sizes=\"auto, (max-width: 767px) 89vw, (max-width: 1000px) 54vw, (max-width: 1071px) 543px, 580px\" \/><figcaption class=\"wp-element-caption\">Jens Adomat (l.) bei seiner Er\u00f6ffnungsrede<\/figcaption><\/figure>\n\n\n\n<p>Im Laufe des vormittags wurde dann getauscht, gefachsimpelt und nat\u00fcrlich auch vom leckerem hausgebrauten Bier getrunken. Auch vom Imbissangebot wurde rege Gebrauch gemacht. Am Ende waren eine mittlere zweistellige Anzahl eingetragene Sammler und G\u00e4ste vor Ort &#8211; alles in allem waren wir vom Besuch unseres Tauschtreffens doch positiv \u00fcberrascht. F\u00fcr die Sammler gab es einen eigens durch uns angefertigten Tauschtagsdeckel. Der obligatorische Tauschtagsstempel ist im Laufe der Vorbereitung des Tauschtreffens irgendwie auf der Strecke geblieben&#8230; &#8211; wenn man zum ersten mal ein Tauschtreffen organisiert (~HaHa~).<\/p>\n\n\n\n<figure class=\"wp-block-image size-large\"><img loading=\"lazy\" decoding=\"async\" width=\"1024\" height=\"768\" src=\"https:\/\/obssc.de\/wp-content\/uploads\/2025\/09\/IMG_2378-1024x768.jpeg\" alt=\"\" class=\"wp-image-843\" srcset=\"https:\/\/obssc.de\/wp-content\/uploads\/2025\/09\/IMG_2378-1024x768.jpeg 1024w, https:\/\/obssc.de\/wp-content\/uploads\/2025\/09\/IMG_2378-300x225.jpeg 300w, https:\/\/obssc.de\/wp-content\/uploads\/2025\/09\/IMG_2378-768x576.jpeg 768w, https:\/\/obssc.de\/wp-content\/uploads\/2025\/09\/IMG_2378-1536x1152.jpeg 1536w, https:\/\/obssc.de\/wp-content\/uploads\/2025\/09\/IMG_2378.jpeg 2048w\" sizes=\"auto, (max-width: 767px) 89vw, (max-width: 1000px) 54vw, (max-width: 1071px) 543px, 580px\" \/><\/figure>\n\n\n\n<p>Selbst die lokale Presse war vor Ort. Jana Scheiding, Lokal-Redakteurin der OTZ konnte so im Nachgang einen recht informativen Bericht \u00fcber unser Tauschtreffen verfassen. Der Link zum Artikel in der OTZ hier:<\/p>\n\n\n\n<p><a href=\"https:\/\/www.otz.de\/lokales\/saale-holzland-kreis\/article409875313\/saale-holzland-stirbt-ein-beliebtes-hobby-langsam-aus.html\">Saale-Holzland: Stirbt ein beliebtes Hobby langsam aus?<\/a><\/p>\n\n\n\n<p>Inzwischen wurde es im Zeitzgrund durch die Sonne auch angenehm warm, als gegen Mittag das Tauschtreffen zu seinem Ende kam.<\/p>\n\n\n\n<figure class=\"wp-block-image size-large\"><img loading=\"lazy\" decoding=\"async\" width=\"1024\" height=\"768\" src=\"https:\/\/obssc.de\/wp-content\/uploads\/2025\/09\/IMG_2380-1024x768.jpeg\" alt=\"\" class=\"wp-image-844\" srcset=\"https:\/\/obssc.de\/wp-content\/uploads\/2025\/09\/IMG_2380-1024x768.jpeg 1024w, https:\/\/obssc.de\/wp-content\/uploads\/2025\/09\/IMG_2380-300x225.jpeg 300w, https:\/\/obssc.de\/wp-content\/uploads\/2025\/09\/IMG_2380-768x576.jpeg 768w, https:\/\/obssc.de\/wp-content\/uploads\/2025\/09\/IMG_2380-1536x1152.jpeg 1536w, https:\/\/obssc.de\/wp-content\/uploads\/2025\/09\/IMG_2380.jpeg 2048w\" sizes=\"auto, (max-width: 767px) 89vw, (max-width: 1000px) 54vw, (max-width: 1071px) 543px, 580px\" \/><\/figure>\n","protected":false},"excerpt":{"rendered":"<p>26. Tauschtreffen des Ostth\u00fcringer BrauereiSouvenirSammlerClubs Am 30. August 2025 war es wieder soweit, unser Tauschtreffen stand auf dem Programm. Nicht nur das wir von unserem fast schon traditionellen Termin Anfang Juli abgewichen sind, so haben wir diesmal auch eine neue \u00d6rtlichkeit gefunden. Ziel des inzwischen 26. OBSSC-Tauschtreffens war der Brauereigasthof Ziegenm\u00fchle in Schleifreisen, gelegen im &hellip; <\/p>\n<p class=\"link-more\"><a href=\"https:\/\/obssc.de\/?page_id=170\" class=\"more-link\"><span class=\"screen-reader-text\">\u201eAktuelles\u201c <\/span>weiterlesen<\/a><\/p>\n","protected":false},"author":1,"featured_media":0,"parent":0,"menu_order":0,"comment_status":"closed","ping_status":"closed","template":"","meta":{"footnotes":""},"class_list":["post-170","page","type-page","status-publish","hentry"],"_links":{"self":[{"href":"https:\/\/obssc.de\/index.php?rest_route=\/wp\/v2\/pages\/170","targetHints":{"allow":["GET"]}}],"collection":[{"href":"https:\/\/obssc.de\/index.php?rest_route=\/wp\/v2\/pages"}],"about":[{"href":"https:\/\/obssc.de\/index.php?rest_route=\/wp\/v2\/types\/page"}],"author":[{"embeddable":true,"href":"https:\/\/obssc.de\/index.php?rest_route=\/wp\/v2\/users\/1"}],"replies":[{"embeddable":true,"href":"https:\/\/obssc.de\/index.php?rest_route=%2Fwp%2Fv2%2Fcomments&post=170"}],"version-history":[{"count":19,"href":"https:\/\/obssc.de\/index.php?rest_route=\/wp\/v2\/pages\/170\/revisions"}],"predecessor-version":[{"id":847,"href":"https:\/\/obssc.de\/index.php?rest_route=\/wp\/v2\/pages\/170\/revisions\/847"}],"wp:attachment":[{"href":"https:\/\/obssc.de\/index.php?rest_route=%2Fwp%2Fv2%2Fmedia&parent=170"}],"curies":[{"name":"wp","href":"https:\/\/api.w.org\/{rel}","templated":true}]}}