{"id":162,"date":"2020-03-21T19:42:19","date_gmt":"2020-03-21T19:42:19","guid":{"rendered":"http:\/\/obssc.info\/?page_id=162"},"modified":"2026-04-16T07:30:09","modified_gmt":"2026-04-16T07:30:09","slug":"impressum","status":"publish","type":"page","link":"https:\/\/obssc.de\/?page_id=162","title":{"rendered":"Impressum"},"content":{"rendered":"\n<p><\/p>\n\n\n\n<p>Hallo liebe Lesende,<\/p>\n\n\n\n<p>wir versuchen diese Seiten barrierefrei zu gestalten. Sollte Ihnen dennoch hinderlicher Inhalt auffallen, bitten wir Sie, uns in Kenntnis zu setzen. Wir werden dann versuchen die betreffenden Seiten anzupassen. Eine einfache E-Mail mit einer Beschreibung zu Ihrem Problem gen\u00fcgt.<\/p>\n\n\n\n<p>Trotz sorgf\u00e4ltiger inhaltlicher Kontrolle \u00fcbernehmen wir keine Haftung f\u00fcr die Inhalte von Seiten externer Links. F\u00fcr den Inhalt der verlinkten Seiten sind ausschlie\u00dflich deren Betreiber verantwortlich. Solche Links bedeuten auch nicht, dass die externen Inhalte die Auffassung und\/oder Meinung&nbsp;des&nbsp;OBSSC&nbsp;wiedergeben.<br><br>Vielen Dank.<\/p>\n\n\n\n<p class=\"has-cyan-bluish-gray-background-color has-background\">Verantwortlich f\u00fcr diese Seiten ist<\/p>\n\n\n\n<p class=\"has-very-light-gray-background-color has-background\"><em>Ostth\u00fcringerBrauereiSouvenirSammlerClub Gera<\/em><\/p>\n\n\n\n<p class=\"has-very-light-gray-background-color has-background\"><em>Mario Coppi<\/em><\/p>\n\n\n\n<p class=\"has-very-light-gray-background-color has-background\"><em>Berliner Stra\u00dfe 193<\/em><\/p>\n\n\n\n<p class=\"has-very-light-gray-background-color has-background\"><em>07546&nbsp;<a href=\"http:\/\/www.gera.de\/\">Gera<\/a><\/em><\/p>\n\n\n\n<p class=\"has-very-light-gray-background-color has-background\">Kontakt:&nbsp;&nbsp;&nbsp;<a href=\"mailto:obssc@t-online.de\">obssc@t-online.de<\/a><\/p>\n\n\n\n<p class=\"has-vivid-red-color has-cyan-bluish-gray-background-color has-text-color has-background\">letzte Aktualisierung: 16. April 2026<\/p>\n\n\n\n<p><\/p>\n","protected":false},"excerpt":{"rendered":"<p>Hallo liebe Lesende, wir versuchen diese Seiten barrierefrei zu gestalten. Sollte Ihnen dennoch hinderlicher Inhalt auffallen, bitten wir Sie, uns in Kenntnis zu setzen. Wir werden dann versuchen die betreffenden Seiten anzupassen. Eine einfache E-Mail mit einer Beschreibung zu Ihrem Problem gen\u00fcgt. Trotz sorgf\u00e4ltiger inhaltlicher Kontrolle \u00fcbernehmen wir keine Haftung f\u00fcr die Inhalte von Seiten &hellip; <\/p>\n<p class=\"link-more\"><a href=\"https:\/\/obssc.de\/?page_id=162\" class=\"more-link\"><span class=\"screen-reader-text\">\u201eImpressum\u201c <\/span>weiterlesen<\/a><\/p>\n","protected":false},"author":1,"featured_media":0,"parent":0,"menu_order":0,"comment_status":"closed","ping_status":"closed","template":"","meta":{"footnotes":""},"class_list":["post-162","page","type-page","status-publish","hentry"],"_links":{"self":[{"href":"https:\/\/obssc.de\/index.php?rest_route=\/wp\/v2\/pages\/162","targetHints":{"allow":["GET"]}}],"collection":[{"href":"https:\/\/obssc.de\/index.php?rest_route=\/wp\/v2\/pages"}],"about":[{"href":"https:\/\/obssc.de\/index.php?rest_route=\/wp\/v2\/types\/page"}],"author":[{"embeddable":true,"href":"https:\/\/obssc.de\/index.php?rest_route=\/wp\/v2\/users\/1"}],"replies":[{"embeddable":true,"href":"https:\/\/obssc.de\/index.php?rest_route=%2Fwp%2Fv2%2Fcomments&post=162"}],"version-history":[{"count":72,"href":"https:\/\/obssc.de\/index.php?rest_route=\/wp\/v2\/pages\/162\/revisions"}],"predecessor-version":[{"id":870,"href":"https:\/\/obssc.de\/index.php?rest_route=\/wp\/v2\/pages\/162\/revisions\/870"}],"wp:attachment":[{"href":"https:\/\/obssc.de\/index.php?rest_route=%2Fwp%2Fv2%2Fmedia&parent=162"}],"curies":[{"name":"wp","href":"https:\/\/api.w.org\/{rel}","templated":true}]}}